{"id":1299,"date":"2017-01-25T21:09:38","date_gmt":"2017-01-25T19:09:38","guid":{"rendered":"https:\/\/kogo.seto.ee\/?page_id=1299"},"modified":"2025-11-06T19:05:40","modified_gmt":"2025-11-06T17:05:40","slug":"muu-valdkond","status":"publish","type":"page","link":"https:\/\/kogo.seto.ee\/?page_id=1299","title":{"rendered":"Muu valdkond"},"content":{"rendered":"        <ul class=\"entry-list\" style=\"display: grid; grid-template-columns: repeat(2, minmax(0, 1fr)); gap: var(--global-md-spacing, 1.5rem); list-style: none; margin: 0; padding: 0;\">\r\n                            <li class=\"entry-list-item\">\r\n                    <article class=\"entry content-bg loop-entry post-1149 team_manager type-team_manager status-publish has-post-thumbnail hentry team_groups-muu-valdkond\">\r\n                                                    <a aria-hidden=\"true\" tabindex=\"-1\" role=\"presentation\" class=\"post-thumbnail kadence-thumbnail-ratio-2-3\" aria-label=\"O\u00dc S-O-S\" href=\"https:\/\/kogo.seto.ee\/?team_manager=ou-s-o-s\">\r\n                                <div class=\"post-thumbnail-inner\">\r\n                                    <img loading=\"lazy\" decoding=\"async\" width=\"768\" height=\"1151\" src=\"https:\/\/kogo.seto.ee\/wp-content\/uploads\/2016\/04\/margus-timmo-768x1151.jpg\" class=\"attachment-medium_large size-medium_large wp-post-image\" alt=\"O\u00dc S-O-S\" srcset=\"https:\/\/kogo.seto.ee\/wp-content\/uploads\/2016\/04\/margus-timmo-768x1151.jpg 768w, https:\/\/kogo.seto.ee\/wp-content\/uploads\/2016\/04\/margus-timmo-200x300.jpg 200w, https:\/\/kogo.seto.ee\/wp-content\/uploads\/2016\/04\/margus-timmo-683x1024.jpg 683w, https:\/\/kogo.seto.ee\/wp-content\/uploads\/2016\/04\/margus-timmo.jpg 900w\" sizes=\"auto, (max-width: 768px) 100vw, 768px\" \/>                                <\/div>\r\n                            <\/a>\r\n                        \r\n                        <div class=\"entry-content-wrap\">\r\n                            <header class=\"entry-header\">\r\n                                                                    <div class=\"entry-meta\">\r\n                                        <span class=\"entry-categories\">\r\n                                            Ettev\u00f5tlusalane n\u00f5ustamine                                        <\/span>\r\n                                    <\/div>\r\n                                \r\n                                <h2 class=\"entry-title\">\r\n                                    <a href=\"https:\/\/kogo.seto.ee\/?team_manager=ou-s-o-s\" rel=\"bookmark\">\r\n                                        O\u00dc S-O-S                                    <\/a>\r\n                                <\/h2>\r\n                            <\/header>\r\n\r\n                            \r\n                            \r\n                                                    <\/div>\r\n                    <\/article>\r\n                <\/li>\r\n                            <li class=\"entry-list-item\">\r\n                    <article class=\"entry content-bg loop-entry post-2837 team_manager type-team_manager status-publish hentry team_groups-muu-valdkond\">\r\n                        \r\n                        <div class=\"entry-content-wrap\">\r\n                            <header class=\"entry-header\">\r\n                                                                    <div class=\"entry-meta\">\r\n                                        <span class=\"entry-categories\">\r\n                                            Seto taluperenaine                                        <\/span>\r\n                                    <\/div>\r\n                                \r\n                                <h2 class=\"entry-title\">\r\n                                    <a href=\"https:\/\/kogo.seto.ee\/?team_manager=eevi-niido\" rel=\"bookmark\">\r\n                                        Eevi Niido                                    <\/a>\r\n                                <\/h2>\r\n                            <\/header>\r\n\r\n                            \r\n                            \r\n                                                    <\/div>\r\n                    <\/article>\r\n                <\/li>\r\n                            <li class=\"entry-list-item\">\r\n                    <article class=\"entry content-bg loop-entry post-2838 team_manager type-team_manager status-publish has-post-thumbnail hentry team_groups-muu-valdkond\">\r\n                                                    <a aria-hidden=\"true\" tabindex=\"-1\" role=\"presentation\" class=\"post-thumbnail kadence-thumbnail-ratio-2-3\" aria-label=\"Evelin Urm \/ hUrmArt\" href=\"https:\/\/kogo.seto.ee\/?team_manager=evelin-urm-hurmart\">\r\n                                <div class=\"post-thumbnail-inner\">\r\n                                    <img loading=\"lazy\" decoding=\"async\" width=\"600\" height=\"600\" src=\"https:\/\/kogo.seto.ee\/wp-content\/uploads\/2024\/02\/hurmart_logo-01-Evelin-Urm.png\" class=\"attachment-medium_large size-medium_large wp-post-image\" alt=\"Evelin Urm \/ hUrmArt\" srcset=\"https:\/\/kogo.seto.ee\/wp-content\/uploads\/2024\/02\/hurmart_logo-01-Evelin-Urm.png 600w, https:\/\/kogo.seto.ee\/wp-content\/uploads\/2024\/02\/hurmart_logo-01-Evelin-Urm-300x300.png 300w, https:\/\/kogo.seto.ee\/wp-content\/uploads\/2024\/02\/hurmart_logo-01-Evelin-Urm-150x150.png 150w, https:\/\/kogo.seto.ee\/wp-content\/uploads\/2024\/02\/hurmart_logo-01-Evelin-Urm-60x60.png 60w\" sizes=\"auto, (max-width: 600px) 100vw, 600px\" \/>                                <\/div>\r\n                            <\/a>\r\n                        \r\n                        <div class=\"entry-content-wrap\">\r\n                            <header class=\"entry-header\">\r\n                                                                    <div class=\"entry-meta\">\r\n                                        <span class=\"entry-categories\">\r\n                                            Disainer \/ kujundaja                                        <\/span>\r\n                                    <\/div>\r\n                                \r\n                                <h2 class=\"entry-title\">\r\n                                    <a href=\"https:\/\/kogo.seto.ee\/?team_manager=evelin-urm-hurmart\" rel=\"bookmark\">\r\n                                        Evelin Urm \/ hUrmArt                                    <\/a>\r\n                                <\/h2>\r\n                            <\/header>\r\n\r\n                            \r\n                            \r\n                                                            <div class=\"liikmed-social-links liikmed-social-links-grid\"><div class=\"element-social-inner-wrap social-style-filled social-show-label-false\"><a class=\"social-button liikmed-social-item social-link-facebook\" href=\"https:\/\/www.facebook.com\/hurmart\" target=\"_blank\" rel=\"noopener noreferrer\" aria-label=\"Facebook\"><svg class=\"kadence-svg-icon kadence-facebook-svg\" fill=\"currentColor\" xmlns=\"http:\/\/www.w3.org\/2000\/svg\" width=\"32\" height=\"32\" viewBox=\"0 0 32 32\"><path d=\"M31.997 15.999c0-8.836-7.163-15.999-15.999-15.999s-15.999 7.163-15.999 15.999c0 7.985 5.851 14.604 13.499 15.804v-11.18h-4.062v-4.625h4.062v-3.525c0-4.010 2.389-6.225 6.043-6.225 1.75 0 3.581 0.313 3.581 0.313v3.937h-2.017c-1.987 0-2.607 1.233-2.607 2.498v3.001h4.437l-0.709 4.625h-3.728v11.18c7.649-1.2 13.499-7.819 13.499-15.804z\"><\/path><\/svg><\/a><\/div><\/div>                                                    <\/div>\r\n                    <\/article>\r\n                <\/li>\r\n                            <li class=\"entry-list-item\">\r\n                    <article class=\"entry content-bg loop-entry post-2840 team_manager type-team_manager status-publish has-post-thumbnail hentry team_groups-muu-valdkond\">\r\n                                                    <a aria-hidden=\"true\" tabindex=\"-1\" role=\"presentation\" class=\"post-thumbnail kadence-thumbnail-ratio-2-3\" aria-label=\"Helen Rives\" href=\"https:\/\/kogo.seto.ee\/?team_manager=helen-rives\">\r\n                                <div class=\"post-thumbnail-inner\">\r\n                                    <img loading=\"lazy\" decoding=\"async\" width=\"435\" height=\"435\" src=\"https:\/\/kogo.seto.ee\/wp-content\/uploads\/2024\/02\/Detsember-pilt-Oksjonikeskus-Oksjonikeskus.jpg\" class=\"attachment-medium_large size-medium_large wp-post-image\" alt=\"Helen Rives\" srcset=\"https:\/\/kogo.seto.ee\/wp-content\/uploads\/2024\/02\/Detsember-pilt-Oksjonikeskus-Oksjonikeskus.jpg 435w, https:\/\/kogo.seto.ee\/wp-content\/uploads\/2024\/02\/Detsember-pilt-Oksjonikeskus-Oksjonikeskus-300x300.jpg 300w, https:\/\/kogo.seto.ee\/wp-content\/uploads\/2024\/02\/Detsember-pilt-Oksjonikeskus-Oksjonikeskus-150x150.jpg 150w, https:\/\/kogo.seto.ee\/wp-content\/uploads\/2024\/02\/Detsember-pilt-Oksjonikeskus-Oksjonikeskus-60x60.jpg 60w\" sizes=\"auto, (max-width: 435px) 100vw, 435px\" \/>                                <\/div>\r\n                            <\/a>\r\n                        \r\n                        <div class=\"entry-content-wrap\">\r\n                            <header class=\"entry-header\">\r\n                                                                    <div class=\"entry-meta\">\r\n                                        <span class=\"entry-categories\">\r\n                                            Mosaiikide ladumine                                        <\/span>\r\n                                    <\/div>\r\n                                \r\n                                <h2 class=\"entry-title\">\r\n                                    <a href=\"https:\/\/kogo.seto.ee\/?team_manager=helen-rives\" rel=\"bookmark\">\r\n                                        Helen Rives                                    <\/a>\r\n                                <\/h2>\r\n                            <\/header>\r\n\r\n                            \r\n                            \r\n                                                            <div class=\"liikmed-social-links liikmed-social-links-grid\"><div class=\"element-social-inner-wrap social-style-filled social-show-label-false\"><a class=\"social-button liikmed-social-item social-link-facebook\" href=\"https:\/\/www.facebook.com\/profile.php?id=100083380060542\" target=\"_blank\" rel=\"noopener noreferrer\" aria-label=\"Facebook\"><svg class=\"kadence-svg-icon kadence-facebook-svg\" fill=\"currentColor\" xmlns=\"http:\/\/www.w3.org\/2000\/svg\" width=\"32\" height=\"32\" viewBox=\"0 0 32 32\"><path d=\"M31.997 15.999c0-8.836-7.163-15.999-15.999-15.999s-15.999 7.163-15.999 15.999c0 7.985 5.851 14.604 13.499 15.804v-11.18h-4.062v-4.625h4.062v-3.525c0-4.010 2.389-6.225 6.043-6.225 1.75 0 3.581 0.313 3.581 0.313v3.937h-2.017c-1.987 0-2.607 1.233-2.607 2.498v3.001h4.437l-0.709 4.625h-3.728v11.18c7.649-1.2 13.499-7.819 13.499-15.804z\"><\/path><\/svg><\/a><\/div><\/div>                                                    <\/div>\r\n                    <\/article>\r\n                <\/li>\r\n                            <li class=\"entry-list-item\">\r\n                    <article class=\"entry content-bg loop-entry post-2841 team_manager type-team_manager status-publish has-post-thumbnail hentry team_groups-muu-valdkond\">\r\n                                                    <a aria-hidden=\"true\" tabindex=\"-1\" role=\"presentation\" class=\"post-thumbnail kadence-thumbnail-ratio-2-3\" aria-label=\"Luule Kuura\" href=\"https:\/\/kogo.seto.ee\/?team_manager=luule-kuura\">\r\n                                <div class=\"post-thumbnail-inner\">\r\n                                    <img loading=\"lazy\" decoding=\"async\" width=\"96\" height=\"96\" src=\"https:\/\/kogo.seto.ee\/wp-content\/uploads\/2020\/05\/facebook-new.png\" class=\"attachment-medium_large size-medium_large wp-post-image\" alt=\"Luule Kuura\" srcset=\"https:\/\/kogo.seto.ee\/wp-content\/uploads\/2020\/05\/facebook-new.png 96w, https:\/\/kogo.seto.ee\/wp-content\/uploads\/2020\/05\/facebook-new-60x60.png 60w\" sizes=\"auto, (max-width: 96px) 100vw, 96px\" \/>                                <\/div>\r\n                            <\/a>\r\n                        \r\n                        <div class=\"entry-content-wrap\">\r\n                            <header class=\"entry-header\">\r\n                                                                    <div class=\"entry-meta\">\r\n                                        <span class=\"entry-categories\">\r\n                                            Maalimine                                        <\/span>\r\n                                    <\/div>\r\n                                \r\n                                <h2 class=\"entry-title\">\r\n                                    <a href=\"https:\/\/kogo.seto.ee\/?team_manager=luule-kuura\" rel=\"bookmark\">\r\n                                        Luule Kuura                                    <\/a>\r\n                                <\/h2>\r\n                            <\/header>\r\n\r\n                            \r\n                            \r\n                                                            <div class=\"liikmed-social-links liikmed-social-links-grid\"><div class=\"element-social-inner-wrap social-style-filled social-show-label-false\"><a class=\"social-button liikmed-social-item social-link-facebook\" href=\"https:\/\/www.facebook.com\/luule.olen\/photos_by\" target=\"_blank\" rel=\"noopener noreferrer\" aria-label=\"Facebook\"><svg class=\"kadence-svg-icon kadence-facebook-svg\" fill=\"currentColor\" xmlns=\"http:\/\/www.w3.org\/2000\/svg\" width=\"32\" height=\"32\" viewBox=\"0 0 32 32\"><path d=\"M31.997 15.999c0-8.836-7.163-15.999-15.999-15.999s-15.999 7.163-15.999 15.999c0 7.985 5.851 14.604 13.499 15.804v-11.18h-4.062v-4.625h4.062v-3.525c0-4.010 2.389-6.225 6.043-6.225 1.75 0 3.581 0.313 3.581 0.313v3.937h-2.017c-1.987 0-2.607 1.233-2.607 2.498v3.001h4.437l-0.709 4.625h-3.728v11.18c7.649-1.2 13.499-7.819 13.499-15.804z\"><\/path><\/svg><\/a><\/div><\/div>                                                    <\/div>\r\n                    <\/article>\r\n                <\/li>\r\n                            <li class=\"entry-list-item\">\r\n                    <article class=\"entry content-bg loop-entry post-2842 team_manager type-team_manager status-publish has-post-thumbnail hentry team_groups-muu-valdkond\">\r\n                                                    <a aria-hidden=\"true\" tabindex=\"-1\" role=\"presentation\" class=\"post-thumbnail kadence-thumbnail-ratio-2-3\" aria-label=\"Margery Roosimaa\" href=\"https:\/\/kogo.seto.ee\/?team_manager=margery-roosimaa\">\r\n                                <div class=\"post-thumbnail-inner\">\r\n                                    <img loading=\"lazy\" decoding=\"async\" width=\"768\" height=\"576\" src=\"https:\/\/kogo.seto.ee\/wp-content\/uploads\/2024\/03\/DSC6728-768x576.jpg\" class=\"attachment-medium_large size-medium_large wp-post-image\" alt=\"Margery Roosimaa\" srcset=\"https:\/\/kogo.seto.ee\/wp-content\/uploads\/2024\/03\/DSC6728-768x576.jpg 768w, https:\/\/kogo.seto.ee\/wp-content\/uploads\/2024\/03\/DSC6728-300x225.jpg 300w, https:\/\/kogo.seto.ee\/wp-content\/uploads\/2024\/03\/DSC6728-1024x768.jpg 1024w, https:\/\/kogo.seto.ee\/wp-content\/uploads\/2024\/03\/DSC6728-1536x1152.jpg 1536w, https:\/\/kogo.seto.ee\/wp-content\/uploads\/2024\/03\/DSC6728-2048x1536.jpg 2048w\" sizes=\"auto, (max-width: 768px) 100vw, 768px\" \/>                                <\/div>\r\n                            <\/a>\r\n                        \r\n                        <div class=\"entry-content-wrap\">\r\n                            <header class=\"entry-header\">\r\n                                                                    <div class=\"entry-meta\">\r\n                                        <span class=\"entry-categories\">\r\n                                            Seto k\u00e4sit\u00f6\u00f6 huviline                                        <\/span>\r\n                                    <\/div>\r\n                                \r\n                                <h2 class=\"entry-title\">\r\n                                    <a href=\"https:\/\/kogo.seto.ee\/?team_manager=margery-roosimaa\" rel=\"bookmark\">\r\n                                        Margery Roosimaa                                    <\/a>\r\n                                <\/h2>\r\n                            <\/header>\r\n\r\n                            \r\n                            \r\n                                                    <\/div>\r\n                    <\/article>\r\n                <\/li>\r\n                            <li class=\"entry-list-item\">\r\n                    <article class=\"entry content-bg loop-entry post-2844 team_manager type-team_manager status-publish has-post-thumbnail hentry team_groups-muu-valdkond\">\r\n                                                    <a aria-hidden=\"true\" tabindex=\"-1\" role=\"presentation\" class=\"post-thumbnail kadence-thumbnail-ratio-2-3\" aria-label=\"Setomaa muuseumid\" href=\"https:\/\/kogo.seto.ee\/?team_manager=setomaa-muuseumid\">\r\n                                <div class=\"post-thumbnail-inner\">\r\n                                    <img loading=\"lazy\" decoding=\"async\" width=\"768\" height=\"768\" src=\"https:\/\/kogo.seto.ee\/wp-content\/uploads\/2024\/02\/Tsaimaja-39-scaled-e1709205307493-768x768.jpg\" class=\"attachment-medium_large size-medium_large wp-post-image\" alt=\"Setomaa muuseumid\" srcset=\"https:\/\/kogo.seto.ee\/wp-content\/uploads\/2024\/02\/Tsaimaja-39-scaled-e1709205307493-768x768.jpg 768w, https:\/\/kogo.seto.ee\/wp-content\/uploads\/2024\/02\/Tsaimaja-39-scaled-e1709205307493-300x300.jpg 300w, https:\/\/kogo.seto.ee\/wp-content\/uploads\/2024\/02\/Tsaimaja-39-scaled-e1709205307493-1024x1024.jpg 1024w, https:\/\/kogo.seto.ee\/wp-content\/uploads\/2024\/02\/Tsaimaja-39-scaled-e1709205307493-150x150.jpg 150w, https:\/\/kogo.seto.ee\/wp-content\/uploads\/2024\/02\/Tsaimaja-39-scaled-e1709205307493-1536x1536.jpg 1536w, https:\/\/kogo.seto.ee\/wp-content\/uploads\/2024\/02\/Tsaimaja-39-scaled-e1709205307493-980x980.jpg 980w, https:\/\/kogo.seto.ee\/wp-content\/uploads\/2024\/02\/Tsaimaja-39-scaled-e1709205307493-60x60.jpg 60w, https:\/\/kogo.seto.ee\/wp-content\/uploads\/2024\/02\/Tsaimaja-39-scaled-e1709205307493.jpg 1664w\" sizes=\"auto, (max-width: 768px) 100vw, 768px\" \/>                                <\/div>\r\n                            <\/a>\r\n                        \r\n                        <div class=\"entry-content-wrap\">\r\n                            <header class=\"entry-header\">\r\n                                                                    <div class=\"entry-meta\">\r\n                                        <span class=\"entry-categories\">\r\n                                            Kogub, s\u00e4ilitab, uurib ja tutvustab seto mitmek\u00fclgset kultuurip\u00e4randit                                        <\/span>\r\n                                    <\/div>\r\n                                \r\n                                <h2 class=\"entry-title\">\r\n                                    <a href=\"https:\/\/kogo.seto.ee\/?team_manager=setomaa-muuseumid\" rel=\"bookmark\">\r\n                                        Setomaa muuseumid                                    <\/a>\r\n                                <\/h2>\r\n                            <\/header>\r\n\r\n                            \r\n                                                            <div class=\"entry-website\">\r\n                                    <a href=\"https:\/\/www.setomuuseum.ee\/\" target=\"_blank\" rel=\"noopener noreferrer\">www.setomuuseum.ee\/<\/a>\r\n                                <\/div>\r\n                            \r\n                                                            <div class=\"liikmed-social-links liikmed-social-links-grid\"><div class=\"element-social-inner-wrap social-style-filled social-show-label-false\"><a class=\"social-button liikmed-social-item social-link-facebook\" href=\"https:\/\/www.facebook.com\/SetomaaMuuseumid\" target=\"_blank\" rel=\"noopener noreferrer\" aria-label=\"Facebook\"><svg class=\"kadence-svg-icon kadence-facebook-svg\" fill=\"currentColor\" xmlns=\"http:\/\/www.w3.org\/2000\/svg\" width=\"32\" height=\"32\" viewBox=\"0 0 32 32\"><path d=\"M31.997 15.999c0-8.836-7.163-15.999-15.999-15.999s-15.999 7.163-15.999 15.999c0 7.985 5.851 14.604 13.499 15.804v-11.18h-4.062v-4.625h4.062v-3.525c0-4.010 2.389-6.225 6.043-6.225 1.75 0 3.581 0.313 3.581 0.313v3.937h-2.017c-1.987 0-2.607 1.233-2.607 2.498v3.001h4.437l-0.709 4.625h-3.728v11.18c7.649-1.2 13.499-7.819 13.499-15.804z\"><\/path><\/svg><\/a><a class=\"social-button liikmed-social-item social-link-instagram\" href=\"https:\/\/www.instagram.com\/setomaamuuseumid\" target=\"_blank\" rel=\"noopener noreferrer\" aria-label=\"Instagram\"><svg class=\"kadence-svg-icon kadence-instagram-svg\" fill=\"currentColor\" xmlns=\"http:\/\/www.w3.org\/2000\/svg\" width=\"32\" height=\"32\" viewBox=\"0 0 32 32\"><path d=\"M9.75 0h12.5c5.375 0 9.75 4.375 9.75 9.75v12.5c0 5.375-4.375 9.75-9.75 9.75h-12.5c-5.375 0-9.75-4.375-9.75-9.75v-12.5c0-5.375 4.375-9.75 9.75-9.75zM9.75 3c-3.734 0-6.75 3.016-6.75 6.75v12.5c0 3.734 3.016 6.75 6.75 6.75h12.5c3.734 0 6.75-3.016 6.75-6.75v-12.5c0-3.734-3.016-6.75-6.75-6.75h-12.5z\"><\/path><path d=\"M24 8.75c0.966 0 1.75 0.784 1.75 1.75s-0.784 1.75-1.75 1.75-1.75-0.784-1.75-1.75 0.784-1.75 1.75-1.75z\"><\/path><path d=\"M16 8c4.418 0 8 3.582 8 8s-3.582 8-8 8-8-3.582-8-8 3.582-8 8-8zM16 11c-2.761 0-5 2.239-5 5s2.239 5 5 5 5-2.239 5-5-2.239-5-5-5z\"><\/path><\/svg><\/a><\/div><\/div>                                                    <\/div>\r\n                    <\/article>\r\n                <\/li>\r\n                    <\/ul>\r\n        \n","protected":false},"excerpt":{"rendered":"","protected":false},"author":1,"featured_media":0,"parent":0,"menu_order":0,"comment_status":"closed","ping_status":"closed","template":"","meta":{"ngg_post_thumbnail":0,"_kad_post_transparent":"default","_kad_post_title":"default","_kad_post_layout":"default","_kad_post_sidebar_id":"","_kad_post_content_style":"default","_kad_post_vertical_padding":"default","_kad_post_feature":"","_kad_post_feature_position":"","_kad_post_header":false,"_kad_post_footer":false,"_kad_post_classname":"","footnotes":""},"class_list":["post-1299","page","type-page","status-publish","hentry"],"_links":{"self":[{"href":"https:\/\/kogo.seto.ee\/index.php?rest_route=\/wp\/v2\/pages\/1299","targetHints":{"allow":["GET"]}}],"collection":[{"href":"https:\/\/kogo.seto.ee\/index.php?rest_route=\/wp\/v2\/pages"}],"about":[{"href":"https:\/\/kogo.seto.ee\/index.php?rest_route=\/wp\/v2\/types\/page"}],"author":[{"embeddable":true,"href":"https:\/\/kogo.seto.ee\/index.php?rest_route=\/wp\/v2\/users\/1"}],"replies":[{"embeddable":true,"href":"https:\/\/kogo.seto.ee\/index.php?rest_route=%2Fwp%2Fv2%2Fcomments&post=1299"}],"version-history":[{"count":14,"href":"https:\/\/kogo.seto.ee\/index.php?rest_route=\/wp\/v2\/pages\/1299\/revisions"}],"predecessor-version":[{"id":3064,"href":"https:\/\/kogo.seto.ee\/index.php?rest_route=\/wp\/v2\/pages\/1299\/revisions\/3064"}],"wp:attachment":[{"href":"https:\/\/kogo.seto.ee\/index.php?rest_route=%2Fwp%2Fv2%2Fmedia&parent=1299"}],"curies":[{"name":"wp","href":"https:\/\/api.w.org\/{rel}","templated":true}]}}