{"id":1458,"date":"2017-10-18T10:09:51","date_gmt":"2017-10-18T07:09:51","guid":{"rendered":"https:\/\/kogo.seto.ee\/?page_id=1458"},"modified":"2022-01-12T11:33:24","modified_gmt":"2022-01-12T09:33:24","slug":"setomaa-arenguprogramm","status":"publish","type":"page","link":"https:\/\/kogo.seto.ee\/?page_id=1458","title":{"rendered":"Setomaa programm"},"content":{"rendered":"<p>Setomaa arenguprogrammist oleme teostanud j\u00e4rgmised projektid:<\/p>\r\n<ul>\r\n<li><a href=\"https:\/\/kogo.seto.ee\/et\/projektid\/mtu-seto-kasituu-kogo-tegevustoetus\/\">Seto K\u00e4sit\u00fc\u00fc Kogo tegevustoetus<\/a><\/li>\r\n<li><a href=\"https:\/\/kogo.seto.ee\/et\/projektid\/seto-kasitoo-turundus\/\">Seto k\u00e4sit\u00f6\u00f6 turundus<\/a><\/li>\r\n<\/ul>\r\n\r\n<figure class=\"wp-block-image\"><a href=\"https:\/\/kogo.seto.ee\/wp-content\/uploads\/2021\/10\/rahandusministeeriumi-logofail.png\"><img loading=\"lazy\" decoding=\"async\" class=\"aligncenter size-full wp-image-2454\" src=\"https:\/\/kogo.seto.ee\/wp-content\/uploads\/2021\/10\/rahandusministeeriumi-logofail.png\" alt=\"\" width=\"800\" height=\"564\" data-id=\"2454\" srcset=\"https:\/\/kogo.seto.ee\/wp-content\/uploads\/2021\/10\/rahandusministeeriumi-logofail.png 800w, https:\/\/kogo.seto.ee\/wp-content\/uploads\/2021\/10\/rahandusministeeriumi-logofail-300x212.png 300w, https:\/\/kogo.seto.ee\/wp-content\/uploads\/2021\/10\/rahandusministeeriumi-logofail-768x541.png 768w\" sizes=\"auto, (max-width: 800px) 100vw, 800px\" \/><\/a><\/figure>\r\n","protected":false},"excerpt":{"rendered":"<p>Setomaa arenguprogrammist oleme teostanud j\u00e4rgmised projektid: Seto K\u00e4sit\u00fc\u00fc Kogo tegevustoetus Seto k\u00e4sit\u00f6\u00f6 turundus<\/p>\n","protected":false},"author":4,"featured_media":0,"parent":1339,"menu_order":1,"comment_status":"closed","ping_status":"closed","template":"","meta":{"ngg_post_thumbnail":0,"_kad_post_transparent":"","_kad_post_title":"","_kad_post_layout":"","_kad_post_sidebar_id":"","_kad_post_content_style":"","_kad_post_vertical_padding":"","_kad_post_feature":"","_kad_post_feature_position":"","_kad_post_header":false,"_kad_post_footer":false,"_kad_post_classname":"","footnotes":""},"class_list":["post-1458","page","type-page","status-publish","hentry"],"_links":{"self":[{"href":"https:\/\/kogo.seto.ee\/index.php?rest_route=\/wp\/v2\/pages\/1458","targetHints":{"allow":["GET"]}}],"collection":[{"href":"https:\/\/kogo.seto.ee\/index.php?rest_route=\/wp\/v2\/pages"}],"about":[{"href":"https:\/\/kogo.seto.ee\/index.php?rest_route=\/wp\/v2\/types\/page"}],"author":[{"embeddable":true,"href":"https:\/\/kogo.seto.ee\/index.php?rest_route=\/wp\/v2\/users\/4"}],"replies":[{"embeddable":true,"href":"https:\/\/kogo.seto.ee\/index.php?rest_route=%2Fwp%2Fv2%2Fcomments&post=1458"}],"version-history":[{"count":5,"href":"https:\/\/kogo.seto.ee\/index.php?rest_route=\/wp\/v2\/pages\/1458\/revisions"}],"predecessor-version":[{"id":2470,"href":"https:\/\/kogo.seto.ee\/index.php?rest_route=\/wp\/v2\/pages\/1458\/revisions\/2470"}],"up":[{"embeddable":true,"href":"https:\/\/kogo.seto.ee\/index.php?rest_route=\/wp\/v2\/pages\/1339"}],"wp:attachment":[{"href":"https:\/\/kogo.seto.ee\/index.php?rest_route=%2Fwp%2Fv2%2Fmedia&parent=1458"}],"curies":[{"name":"wp","href":"https:\/\/api.w.org\/{rel}","templated":true}]}}