{"id":1472,"date":"2017-10-18T10:34:18","date_gmt":"2017-10-18T07:34:18","guid":{"rendered":"https:\/\/kogo.seto.ee\/?page_id=1472"},"modified":"2019-11-13T16:42:56","modified_gmt":"2019-11-13T14:42:56","slug":"seto-kasitoo-turundus","status":"publish","type":"page","link":"https:\/\/kogo.seto.ee\/?page_id=1472","title":{"rendered":"Seto k\u00e4sit\u00f6\u00f6 turundus"},"content":{"rendered":"<p style=\"text-align: left;\"><strong>Seto k\u00e4sit\u00f6\u00f6 turundus 2018-2019<\/strong><\/p>\n<p style=\"text-align: left;\"><strong>Projekti periood 01.10.2018 \u2013 30.09.2019<\/strong><\/p>\n<p>Seto k\u00e4sit\u00f6\u00f6 turunduse \u00fcldine eesm\u00e4rk 2018 \u2013 2019 \u00fchildus MT\u00dc Seto K\u00e4sit\u00fc\u00fc Kogo p\u00f5hikirjalise eesm\u00e4rgiga \u2013 seto traditsioonilisel k\u00e4sit\u00f6\u00f6l p\u00f5hineva ettev\u00f5tluse arendamine seto k\u00e4sit\u00f6\u00f6traditsiooni j\u00e4rjepidevuse ja s\u00e4ilitamise kaudu. Projekti eesm\u00e4rk oli v\u00e4hendada Setomaa k\u00e4sit\u00f6\u00f6ettev\u00f5tjatel kauba turustamiskulusid ning aidata k\u00e4sit\u00f6\u00f6listel suurendada k\u00e4ivet. Kavas oli \u00fchine osalemine suurematel laatadel ja messidel Eestis. Tallinnas Saku Suurhallis toimunud Mardilaadal peak\u00fclaliseks olemine oli v\u00e4ljakutseks ja me saime v\u00e4ga h\u00e4sti hakkama &#8211; olime n\u00e4htavad ning huvi Setomaa vastu suurenes. Mardilaat oma ettekannete, \u00f5pitubade esitlustega oli hea turunduse koht, nii Eesti siseselt kui v\u00e4ljapoole. Varasemate projektide tulemusena saavad liikmed suurel m\u00e4\u00e4ral ise hakkama piirkondlikel laatadel osalemisega.<\/p>\n<p>Projekti k\u00e4igus soetati &nbsp;juurde 2 seto mustritega telki ja laudlinad, et oleksime juba kaugelt tuntavad, leitavad ja silmapaistvad teiste kauplejate seas. &nbsp;K\u00e4sit\u00f6\u00f6turismi arendamiseks oli h\u00e4davajalik inglise keelse reklaammaterjali valmistamine.<\/p>\n<p>&nbsp;Osaleti \u00fchiselt laatadel: Mardilaat Tallinnas, Seto Folgil k\u00e4sit\u00f6\u00f6m\u00fc\u00fck, Seto Kuningriigip\u00e4eval k\u00e4sit\u00f6\u00f6m\u00fc\u00fck.<\/p>\n<p>Projekti raames tutvustati Seto k\u00e4sit\u00f6\u00f6d: 1.Mardilaada \u00f5pitoad, pressikonverents, esitlused, m\u00fc\u00fck &nbsp;2. Seto pitsi p\u00e4evade raames loeng puidupitsist, korraldati Tartus ERM-is pitsi tutvustav \u00fcritus 3.Valmis inglise keelne reklaammaterjal, sest viimasel ajal liigub piirkonnas palju v\u00e4lisk\u00fclalisi kellel on huvi meie k\u00e4sit\u00f6\u00f6 vastu. Voldikut on ka hea kaasa v\u00f5tta v\u00e4lislaatadele ja jagada koos Setomaa Turismi reklaammaterjalidega tulevastel suurematel messidel<\/p>\n<p>Kogumaksumus: 8360,00 eurot<\/p>\n<p>T\u00e4iendav info : projektijuht Ingrit Kala<\/p>\n<p>&nbsp;<\/p>\n<p>&nbsp;<\/p>\n<p style=\"text-align: left;\"><strong>Seto k\u00e4sit\u00f6\u00f6 turundamine 2017-2018<\/strong><\/p>\n<p style=\"text-align: left;\"><strong>Projekti periood 01.10.2017 \u2013 30.09.2018<\/strong><\/p>\n<p style=\"text-align: left;\"><strong>Projekti otsene eesm\u00e4rk<\/strong> on v\u00e4hendada k\u00e4sit\u00f6\u00f6ettev\u00f5tjate turunduskulusid ning aidata k\u00e4sit\u00f6\u00f6listel suurendada k\u00e4ivet. Eesm\u00e4rk on v\u00e4hendada k\u00e4sit\u00f6\u00f6 v\u00e4ikeettev\u00f5tja riske, kui ta soovib osaleda suurematel ja Setomaalt kaugemal olevatel laatadel ning koost\u00f6\u00f6d soosivatel ja arendatavatel reisidel.<\/p>\n<p style=\"text-align: left;\">Projekti raames on kavas Setomaa k\u00e4sit\u00f6\u00f6 turundusstrateegia elluviimine. Plaan on \u00fchine osalemine suurematel laatadel ja messidel Eestis ja v\u00e4ljaspool Eestit. Kindel on osalemine traditsioonilisel Mardilaadal Tallinnas, j\u00e4tkuvalt kavandame&nbsp; koost\u00f6\u00f6d udmurtide ja ukrainlastega. Otsime kontakte ka rahvusliku k\u00e4sit\u00f6\u00f6laada leidmiseks Leedu suunal. Varasemate projektide tulemusena saavad liikmed taas suurel m\u00e4\u00e4ral ise hakkama piirkondlikel laatadel osalemisega, kuid projekti toel toetame Seto Folgil ja Seto Kuningriigis osalemist. &nbsp;Tegeleme ka Seto k\u00e4sit\u00f6\u00f6 alaliste m\u00fc\u00fcgipunktide arendamisega Setomaal.<\/p>\n<p>Seto k\u00e4sit\u00f6\u00f6lised on v\u00e4ga erinevad oma toodete ja tootlikkuse poolest. Muude t\u00f6\u00f6de k\u00f5rvalt k\u00e4sit\u00f6\u00f6d tegev ja seda aegajalt laatadel m\u00fc\u00fcv k\u00e4sit\u00f6\u00f6line n\u00e4hes, kuidas kaubarohkus ja kena v\u00e4ljapanek m\u00f5jutab ka m\u00fc\u00fcki, suunab ehk oma prioriteedid ka k\u00e4sit\u00f6\u00f6ettev\u00f5tluse arendamiseks. Oleme avastanud palju \u00fchiseid elemente, mustreid, tehnikaid soome-ugri rahvaste, ukrainlaste ja l\u00e4tlaste k\u00e4sit\u00f6\u00f6s. Meil on mida \u00f5ppida tootearenduse ja v\u00e4ljapanekute osas.<\/p>\n<p>Kogumaksumus: 6160,00 eurot<\/p>\n<p>Projekti toetus: 5230,00 eurot (Setomaa arenguprogramm)<\/p>\n<p>Omafinantseering: 930,00 eurot<\/p>\n<p>T\u00e4iendav info : projektijuht Ingrit Kala<\/p>\n<p>&nbsp;<\/p>\n<p><strong>Seto k\u00e4sit\u00f6\u00f6 turundus 2016-2017<\/strong><\/p>\n<p><strong>Projekti periood 01.10.2016 \u2013 30.09.2017<\/strong><\/p>\n<p><strong>Projekti \u00fcldine eesm\u00e4rk<\/strong> \u00fchildus MT\u00dc Seto K\u00e4sit\u00fc\u00fc Kogo p\u00f5hikirjalise eesm\u00e4rgiga \u2013 seto traditsioonilisel k\u00e4sit\u00f6\u00f6l p\u00f5hineva ettev\u00f5tluse arendamine seto k\u00e4sit\u00f6\u00f6traditsiooni j\u00e4rjepidevuse ja s\u00e4ilitamise kaudu.<\/p>\n<p><strong>Projekti&nbsp; otsene eesm\u00e4rk<\/strong> oli v\u00e4hendada k\u00e4sit\u00f6\u00f6ettev\u00f5tjate turunduskulusid ning aidata k\u00e4sit\u00f6\u00f6listel suurendada k\u00e4ivet. Kavas oli \u00fchine osalemine 5 suuremal laadal ja messil Eestis, Venemaal ja soome- ugri maades, osalemine traditsioonilisel Mardilaadal Tallinnas ja Seto kultuurip\u00e4evadel Peterburis. Projekti eesm\u00e4rgiks oli suure esindusega olla v\u00e4ljas Seto Folgil ja Seto Kuningriigip\u00e4eval. Varasemate projektide tulemusena saavad liikmed suurel m\u00e4\u00e4ral ise hakkama piirkondlikel laatadel (Lindora, Vastseliina, L\u00fc\u00fcbnitsa, Suvistep\u00fcha laat V\u00e4rskas, erinevatel Hansalaatadel osalemisega.<\/p>\n<p><strong>Projekti tulemused:<\/strong><\/p>\n<p>Osalesime Seto K\u00e4sit\u00fc\u00fc Kogo \u00fchisboksiga Tallinna Mardilaadal (boksis kauplemiseks taotlesid koha liikmetest Marko Puksing, \u00dclle Kauksi, Margit Mehilane, Taimi Auser). Projekti abil toetati osaliselt Seto k\u00e4sit\u00f6\u00f6liste turundusreise v\u00e4ljapoole Eestit. 12 Seto K\u00e4sit\u00fc\u00fc Kogo liiget osales Peterburis toimunud Seto Kultuuri p\u00e4evadel, kus tutvustati seto k\u00e4sit\u00f6\u00f6d \u00f5pitubade, n\u00e4ituste, m\u00fc\u00fcgi ja ettekannete abil. Krasnojarskis Siberi setode juures toimunud k\u00e4sit\u00f6\u00f6 tutvustusel ja \u00f5pitubades esindasid teiste meistrite k\u00f5rval Seto K\u00e4sit\u00fc\u00fc Kogo&nbsp; Evar Riitsaar ja Sigre Andreson. 6 liiget k\u00e4is Udmurdimaal sealsete k\u00e4sit\u00f6\u00f6kodadega tutvumas ja oma k\u00e4sit\u00f6\u00f6 tegevusi tutvustamas. K\u00f5igil neil kolmel reisil loodi sidemeid edasiseks koost\u00f6\u00f6ks ja tutvustati meie k\u00e4sit\u00f6\u00f6traditsioone, meistreid&nbsp; ja tooteid.<\/p>\n<p>Samuti oli projekti eesm\u00e4rgiks, et&nbsp; seto k\u00e4sit\u00f6\u00f6lised oleksid \u00fchiselt v\u00e4ljas&nbsp; Seto Folgil ja Seto Kuningriigip\u00e4eval. See eesm\u00e4rk sai edukalt t\u00e4idetud, olime n\u00e4htavad, eraldi leitavad.&nbsp;Seto Folgil oli v\u00e4ljas ka SKK kohvik.<\/p>\n<p>V\u00f5ib julgelt \u00f6elda, et piirkonna ettev\u00f5tlusaktiivsus on t\u00f5usnud, kuna ettev\u00f5tja v\u00f5i k\u00e4sit\u00f6\u00f6line on valmistanud rohkem kaupa, mida laadal &nbsp;v\u00f5i t\u00f6\u00f6toas m\u00fc\u00fca. Rohkem laatadel v\u00e4ljas k\u00e4ies reklaamitakse piirkonda mis on &nbsp;omakorda positiivse m\u00f5juga teistele ettev\u00f5tlussektoritele, eelk\u00f5ige turismindusele.<\/p>\n<p>Kogumaksumus: 6000,00 eurot<\/p>\n<p>Projekti toetus: 5000,00 eurot&nbsp; (Setomaa arenguprogramm)<\/p>\n<p>Omafinantseering: 1000,00 eurot<\/p>\n<p>T\u00e4iendav info : projektijuht Ingrit Kala<\/p>\n","protected":false},"excerpt":{"rendered":"<p>Seto k\u00e4sit\u00f6\u00f6 turundus 2018-2019 Projekti periood 01.10.2018 \u2013 30.09.2019 Seto k\u00e4sit\u00f6\u00f6 turunduse \u00fcldine eesm\u00e4rk 2018 \u2013 2019 \u00fchildus MT\u00dc Seto K\u00e4sit\u00fc\u00fc Kogo p\u00f5hikirjalise eesm\u00e4rgiga \u2013 seto traditsioonilisel k\u00e4sit\u00f6\u00f6l p\u00f5hineva ettev\u00f5tluse arendamine seto k\u00e4sit\u00f6\u00f6traditsiooni j\u00e4rjepidevuse ja s\u00e4ilitamise kaudu. Projekti eesm\u00e4rk oli v\u00e4hendada Setomaa k\u00e4sit\u00f6\u00f6ettev\u00f5tjatel kauba turustamiskulusid ning aidata k\u00e4sit\u00f6\u00f6listel suurendada k\u00e4ivet. Kavas oli \u00fchine osalemine suurematel&#8230;<\/p>\n","protected":false},"author":4,"featured_media":0,"parent":1339,"menu_order":0,"comment_status":"closed","ping_status":"closed","template":"","meta":{"ngg_post_thumbnail":0,"_kad_post_transparent":"","_kad_post_title":"","_kad_post_layout":"","_kad_post_sidebar_id":"","_kad_post_content_style":"","_kad_post_vertical_padding":"","_kad_post_feature":"","_kad_post_feature_position":"","_kad_post_header":false,"_kad_post_footer":false,"_kad_post_classname":"","footnotes":""},"class_list":["post-1472","page","type-page","status-publish","hentry"],"_links":{"self":[{"href":"https:\/\/kogo.seto.ee\/index.php?rest_route=\/wp\/v2\/pages\/1472","targetHints":{"allow":["GET"]}}],"collection":[{"href":"https:\/\/kogo.seto.ee\/index.php?rest_route=\/wp\/v2\/pages"}],"about":[{"href":"https:\/\/kogo.seto.ee\/index.php?rest_route=\/wp\/v2\/types\/page"}],"author":[{"embeddable":true,"href":"https:\/\/kogo.seto.ee\/index.php?rest_route=\/wp\/v2\/users\/4"}],"replies":[{"embeddable":true,"href":"https:\/\/kogo.seto.ee\/index.php?rest_route=%2Fwp%2Fv2%2Fcomments&post=1472"}],"version-history":[{"count":5,"href":"https:\/\/kogo.seto.ee\/index.php?rest_route=\/wp\/v2\/pages\/1472\/revisions"}],"predecessor-version":[{"id":2023,"href":"https:\/\/kogo.seto.ee\/index.php?rest_route=\/wp\/v2\/pages\/1472\/revisions\/2023"}],"up":[{"embeddable":true,"href":"https:\/\/kogo.seto.ee\/index.php?rest_route=\/wp\/v2\/pages\/1339"}],"wp:attachment":[{"href":"https:\/\/kogo.seto.ee\/index.php?rest_route=%2Fwp%2Fv2%2Fmedia&parent=1472"}],"curies":[{"name":"wp","href":"https:\/\/api.w.org\/{rel}","templated":true}]}}