{"id":1478,"date":"2017-10-18T10:37:44","date_gmt":"2017-10-18T07:37:44","guid":{"rendered":"https:\/\/kogo.seto.ee\/?page_id=1478"},"modified":"2017-12-18T22:55:47","modified_gmt":"2017-12-18T20:55:47","slug":"seto-ja-voro-kasitooliste-tootearenduskoolitused","status":"publish","type":"page","link":"https:\/\/kogo.seto.ee\/?page_id=1478","title":{"rendered":"Seto ja v\u00f5ro k\u00e4sit\u00f6\u00f6liste tootearenduskoolitused"},"content":{"rendered":"<p>Oktoobrist 2017 algas suurte eesm\u00e4rkide ja enneolematu l\u00e4henemisega toote\u00adarenduse ja turunduse koolitussari, mis on suunatud Piiriveere LEADER piirkonna k\u00e4sit\u00f6\u00f6listele. Programm sisaldab 6 koolitust ning 2 reisi: \u00f5ppereis Saaremaale ja uued tooted pannakse proovile Rootsi reisi ajal 2020. aasta kevadel, kui \u00fchises messiboksis k\u00e4sit\u00f6\u00f6d m\u00fc\u00fcakse.<\/p>\n<p>Kogu mahuka projekti koolitajaks on Merike Rehepapp. Pr Rehepapp on disainer ja \u00f5ppej\u00f5ud, kes on \u00f5ppinud Eesti Kunstiakadeemias (EKA) tootedisaini ja Taanis Kolding Designskoles t\u00f6\u00f6stusdisain. Enne \u00f5ppej\u00f5u ametit oli ta vabakutseline disainer (m\u00f6\u00f6bel, valgustid, interj\u00f6\u00f6r). Alates 2007. a on ta EKA \u00f5ppej\u00f5ud.<\/p>\n<p>Koolituse ajal k\u00e4iakse l\u00e4bi tootearenduse k\u00f5ik etapid algusest l\u00f5puni, ideest paken\u00addatud tooteni. Kogu selle teekonna k\u00e4igus tuleb sujuvalt juttu ka turun\u00addusest ja br\u00e4ndimisest. Pakend asetseb nende kahe \u00e4\u00e4realal.<\/p>\n<p>Projekti tulemuseks on uue paradigma abil osalejate poolt loodud uued k\u00e4sit\u00f6\u00f6\u00adtooted ning nende edukas m\u00fc\u00fck Rootsi messil.<\/p>\n<p>M\u00f5ningad teemad, mida s\u00fcvitsi k\u00e4sitletakse, on j\u00e4rmised:<\/p>\n<ul>\n<li>kuidas anal\u00fc\u00fcsida tarbija vajadusi ja toote kasutuskeskkonda;<\/li>\n<li>kuidas leida uusi funktsioone ja vajadusi moraalselt aegunud k\u00e4sit\u00f6\u00f6toodetele;<\/li>\n<li>kuidas kohandada ajaloolist t\u00e4nap\u00e4evaga;<\/li>\n<li>analoogtoodete anal\u00fc\u00fcs ja anal\u00fc\u00fcsi rakendamine;<\/li>\n<li>toote kommunikatsioon, kuidas ja mis vahenditega toode tarbijat k\u00f5netab;<\/li>\n<li>mis saab tootest p\u00e4rast eluea l\u00f5ppu?<\/li>\n<\/ul>\n<p>Projekti rahastab Piiriveere LEADER.<\/p>\n<p>Projektijuht on K\u00fclli Jacobson, O\u00dc Kagu Kudujad tegevjuht.<\/p>\n","protected":false},"excerpt":{"rendered":"<p>Oktoobrist 2017 algas suurte eesm\u00e4rkide ja enneolematu l\u00e4henemisega toote\u00adarenduse ja turunduse koolitussari, mis on suunatud Piiriveere LEADER piirkonna k\u00e4sit\u00f6\u00f6listele. Programm sisaldab 6 koolitust ning 2 reisi: \u00f5ppereis Saaremaale ja uued tooted pannakse proovile Rootsi reisi ajal 2020. aasta kevadel, kui \u00fchises messiboksis k\u00e4sit\u00f6\u00f6d m\u00fc\u00fcakse. Kogu mahuka projekti koolitajaks on Merike Rehepapp. Pr Rehepapp on disainer&#8230;<\/p>\n","protected":false},"author":4,"featured_media":0,"parent":1465,"menu_order":0,"comment_status":"closed","ping_status":"closed","template":"","meta":{"ngg_post_thumbnail":0,"_kad_post_transparent":"","_kad_post_title":"","_kad_post_layout":"","_kad_post_sidebar_id":"","_kad_post_content_style":"","_kad_post_vertical_padding":"","_kad_post_feature":"","_kad_post_feature_position":"","_kad_post_header":false,"_kad_post_footer":false,"_kad_post_classname":"","footnotes":""},"class_list":["post-1478","page","type-page","status-publish","hentry"],"_links":{"self":[{"href":"https:\/\/kogo.seto.ee\/index.php?rest_route=\/wp\/v2\/pages\/1478","targetHints":{"allow":["GET"]}}],"collection":[{"href":"https:\/\/kogo.seto.ee\/index.php?rest_route=\/wp\/v2\/pages"}],"about":[{"href":"https:\/\/kogo.seto.ee\/index.php?rest_route=\/wp\/v2\/types\/page"}],"author":[{"embeddable":true,"href":"https:\/\/kogo.seto.ee\/index.php?rest_route=\/wp\/v2\/users\/4"}],"replies":[{"embeddable":true,"href":"https:\/\/kogo.seto.ee\/index.php?rest_route=%2Fwp%2Fv2%2Fcomments&post=1478"}],"version-history":[{"count":3,"href":"https:\/\/kogo.seto.ee\/index.php?rest_route=\/wp\/v2\/pages\/1478\/revisions"}],"predecessor-version":[{"id":1557,"href":"https:\/\/kogo.seto.ee\/index.php?rest_route=\/wp\/v2\/pages\/1478\/revisions\/1557"}],"up":[{"embeddable":true,"href":"https:\/\/kogo.seto.ee\/index.php?rest_route=\/wp\/v2\/pages\/1465"}],"wp:attachment":[{"href":"https:\/\/kogo.seto.ee\/index.php?rest_route=%2Fwp%2Fv2%2Fmedia&parent=1478"}],"curies":[{"name":"wp","href":"https:\/\/api.w.org\/{rel}","templated":true}]}}