{"id":1992,"date":"2019-09-05T12:59:01","date_gmt":"2019-09-05T09:59:01","guid":{"rendered":"https:\/\/kogo.seto.ee\/?page_id=1992"},"modified":"2026-01-20T23:28:27","modified_gmt":"2026-01-20T21:28:27","slug":"oppevideod","status":"publish","type":"page","link":"https:\/\/kogo.seto.ee\/?page_id=1992","title":{"rendered":"\u00d5ppevideod"},"content":{"rendered":"<p><img loading=\"lazy\" decoding=\"async\" class=\"aligncenter size-large wp-image-2904\" src=\"https:\/\/kogo.seto.ee\/wp-content\/uploads\/2024\/10\/Seto-vood-oppevideo-1024x570.png\" alt=\"\" width=\"690\" height=\"384\" data-id=\"2904\" srcset=\"https:\/\/kogo.seto.ee\/wp-content\/uploads\/2024\/10\/Seto-vood-oppevideo-1024x570.png 1024w, https:\/\/kogo.seto.ee\/wp-content\/uploads\/2024\/10\/Seto-vood-oppevideo-300x167.png 300w, https:\/\/kogo.seto.ee\/wp-content\/uploads\/2024\/10\/Seto-vood-oppevideo-768x428.png 768w, https:\/\/kogo.seto.ee\/wp-content\/uploads\/2024\/10\/Seto-vood-oppevideo-1536x855.png 1536w, https:\/\/kogo.seto.ee\/wp-content\/uploads\/2024\/10\/Seto-vood-oppevideo-2048x1140.png 2048w, https:\/\/kogo.seto.ee\/wp-content\/uploads\/2024\/10\/Seto-vood-oppevideo-980x546.png 980w\" sizes=\"auto, (max-width: 690px) 100vw, 690px\" \/><\/p>\n<p><a href=\"https:\/\/youtu.be\/HKB_l1CedA0\">Heegelv\u00f6\u00f6 ehk <em>pilov\u00fc\u00fc<\/em> \u00f5petusvideo<\/a><br \/>\nMarje Linnuse juhendamisel<\/p>\n<p><a href=\"https:\/\/youtu.be\/0Kn1ci_qbCQ\">Pudelisuu v\u00f6\u00f6 ehk <em>klaasisuu v\u00fc\u00fc<\/em> \u00f5petusvideo<\/a><br \/>\nSirid P\u00e4rtini juhendamisel<\/p>\n<p><a href=\"https:\/\/youtu.be\/K5HF3r1vJ7E\">Kiriv\u00f6\u00f6 ehk<em> kir\u00e4v\u00fc\u00fc<\/em> \u00f5petusvideo<\/a><br \/>\nKir\u00e4v\u00fc\u00fc naiste juhendamisel<\/p>\n<p><a href=\"https:\/\/youtu.be\/y_o2mYRkQxY\">Peav\u00f6\u00f6 ehk <em>p\u00e4\u00e4v\u00fc\u00fc<\/em> \u00f5petusvideo<\/a><br \/>\nTatjana Smorodina juhendamisel<\/p>\n<p><a href=\"https:\/\/youtu.be\/DVC9FHMSh2o\">Hargiv\u00f6\u00f6 ehk <em>hargiv\u00fc\u00fc<\/em> \u00f5petusvideo<\/a><br \/>\nIngrit Kala juhendamisel<\/p>\n<p><a href=\"https:\/\/youtu.be\/_Ts3bWCJQb8\">K\u00f5lav\u00f6\u00f6 ehk<em> lavvakid\u00f5ga v\u00fc\u00fc<\/em> \u00f5petusvideo<\/a><br \/>\nMaret Vabarna juhendamisel<\/p>\n<p><a href=\"https:\/\/youtu.be\/M43RKDRQQvc?si=pBHN9cX-kf8j3Ygn\">S\u00f5le graveerimise \u00f5ppevideo<\/a><br \/>\nEvar Riitsaare juhendamisel<\/p>\n<p><a href=\"https:\/\/youtu.be\/9AiuTdz-rHk?si=f3N1swfCwD1hxk7Y\">M\u00fcntidest kaelakorra valmistamise \u00f5ppevideo<\/a><br \/>\nReelika Ilvese juhendamisel<\/p>\n<p><a href=\"https:\/\/youtu.be\/HT5DMf9FMXw?si=pNF_GDlM4yBfMEfC\">N\u00f6psi valmistamise \u00f5ppevideo<\/a><br \/>\nReelika Ilvese juhendamisel<\/p>\n","protected":false},"excerpt":{"rendered":"<p>Heegelv\u00f6\u00f6 ehk pilov\u00fc\u00fc \u00f5petusvideo Marje Linnuse juhendamisel Pudelisuu v\u00f6\u00f6 ehk klaasisuu v\u00fc\u00fc \u00f5petusvideo Sirid P\u00e4rtini juhendamisel Kiriv\u00f6\u00f6 ehk kir\u00e4v\u00fc\u00fc \u00f5petusvideo Kir\u00e4v\u00fc\u00fc naiste juhendamisel Peav\u00f6\u00f6 ehk p\u00e4\u00e4v\u00fc\u00fc \u00f5petusvideo Tatjana Smorodina juhendamisel Hargiv\u00f6\u00f6 ehk hargiv\u00fc\u00fc \u00f5petusvideo Ingrit Kala juhendamisel K\u00f5lav\u00f6\u00f6 ehk lavvakid\u00f5ga v\u00fc\u00fc \u00f5petusvideo Maret Vabarna juhendamisel S\u00f5le graveerimise \u00f5ppevideo Evar Riitsaare juhendamisel M\u00fcntidest kaelakorra valmistamise \u00f5ppevideo&#8230;<\/p>\n","protected":false},"author":1,"featured_media":0,"parent":0,"menu_order":0,"comment_status":"closed","ping_status":"closed","template":"","meta":{"ngg_post_thumbnail":0,"_kad_post_transparent":"default","_kad_post_title":"default","_kad_post_layout":"default","_kad_post_sidebar_id":"","_kad_post_content_style":"default","_kad_post_vertical_padding":"default","_kad_post_feature":"","_kad_post_feature_position":"","_kad_post_header":false,"_kad_post_footer":false,"_kad_post_classname":"","footnotes":""},"class_list":["post-1992","page","type-page","status-publish","hentry"],"_links":{"self":[{"href":"https:\/\/kogo.seto.ee\/index.php?rest_route=\/wp\/v2\/pages\/1992","targetHints":{"allow":["GET"]}}],"collection":[{"href":"https:\/\/kogo.seto.ee\/index.php?rest_route=\/wp\/v2\/pages"}],"about":[{"href":"https:\/\/kogo.seto.ee\/index.php?rest_route=\/wp\/v2\/types\/page"}],"author":[{"embeddable":true,"href":"https:\/\/kogo.seto.ee\/index.php?rest_route=\/wp\/v2\/users\/1"}],"replies":[{"embeddable":true,"href":"https:\/\/kogo.seto.ee\/index.php?rest_route=%2Fwp%2Fv2%2Fcomments&post=1992"}],"version-history":[{"count":13,"href":"https:\/\/kogo.seto.ee\/index.php?rest_route=\/wp\/v2\/pages\/1992\/revisions"}],"predecessor-version":[{"id":3273,"href":"https:\/\/kogo.seto.ee\/index.php?rest_route=\/wp\/v2\/pages\/1992\/revisions\/3273"}],"wp:attachment":[{"href":"https:\/\/kogo.seto.ee\/index.php?rest_route=%2Fwp%2Fv2%2Fmedia&parent=1992"}],"curies":[{"name":"wp","href":"https:\/\/api.w.org\/{rel}","templated":true}]}}