{"id":261,"date":"2015-10-04T17:40:13","date_gmt":"2015-10-04T14:40:13","guid":{"rendered":"https:\/\/kogo.seto.ee\/movies\/"},"modified":"2025-10-29T22:26:50","modified_gmt":"2025-10-29T20:26:50","slug":"movies","status":"publish","type":"page","link":"https:\/\/kogo.seto.ee\/?page_id=261","title":{"rendered":"Raamatukogu"},"content":{"rendered":"<h4>Otsi raamatuid, autoreid meie raamatukogust:<\/h4>\n    <div class=\"rk-catalog\">\n      <form method=\"get\" action=\"\/index.php?rest_route=%2Fwp%2Fv2%2Fpages%2F261\" class=\"rk-filters\">\n        <!-- Peida WordPress otsingu parameetrid, et ei segaks -->\n        <input type=\"hidden\" name=\"rk_search\" value=\"1\">\n                <input type=\"text\"   name=\"q\"     placeholder=\"Otsi pealkirja v\u00f5i autorit\" value=\"\">\n        <select name=\"type\">\n          <option value=\"\">K\u00f5ik t\u00fc\u00fcbid<\/option>\n          <option value=\"book\" >Raamat<\/option><option value=\"booklet\" >Vihik<\/option><option value=\"mastersthesis\" >Magistrit\u00f6\u00f6<\/option><option value=\"periodical\" >Ajakiri<\/option>        <\/select>\n        <input type=\"text\" name=\"author\" placeholder=\"Autor\" value=\"\">\n        <input type=\"number\" name=\"year\"  placeholder=\"Aasta\" value=\"\" min=\"1500\" max=\"2100\" step=\"1\">\n        <button type=\"submit\">Otsi<\/button>\n      <\/form>\n\n              <ul class=\"rk-list\">\n                      <li class=\"rk-card\">\n                              <img decoding=\"async\" src=\"https:\/\/kogo.seto.ee\/wp-content\/uploads\/2018\/06\/Image-72-615x1024.jpg\" alt=\"Estonian national costumes\">\n              \n              <div class=\"rk-body\">\n                <strong class=\"title\">Estonian national costumes<\/strong>\n                <div class=\"meta\">\n                                    <span class=\"year\">2018<\/span>                  <span class=\"badge\">Vihik<\/span>                <\/div>\n                <div class=\"actions\">\n                                    <a class=\"btn\" href=\"https:\/\/kogo.seto.ee?publication=259\">Vaata l\u00e4hemalt<\/a>\n                <\/div>\n              <\/div>\n            <\/li>\n                      <li class=\"rk-card\">\n                              <img decoding=\"async\" src=\"https:\/\/kogo.seto.ee\/wp-content\/uploads\/2020\/01\/IMG_0010-738x1024.jpg\" alt=\"K\u00e4sit\u00f6\u00f6 (kevad 2019)\">\n              \n              <div class=\"rk-body\">\n                <strong class=\"title\">K\u00e4sit\u00f6\u00f6 (kevad 2019)<\/strong>\n                <div class=\"meta\">\n                                    <span class=\"year\">2019<\/span>                  <span class=\"badge\">Ajakiri<\/span>                <\/div>\n                <div class=\"actions\">\n                                    <a class=\"btn\" href=\"https:\/\/kogo.seto.ee?publication=360\">Vaata l\u00e4hemalt<\/a>\n                <\/div>\n              <\/div>\n            <\/li>\n                      <li class=\"rk-card\">\n                              <img decoding=\"async\" src=\"https:\/\/kogo.seto.ee\/wp-content\/uploads\/2020\/01\/IMG_0005-1-755x1024.jpg\" alt=\"K\u00e4sit\u00f6\u00f6 (talv 2020)\">\n              \n              <div class=\"rk-body\">\n                <strong class=\"title\">K\u00e4sit\u00f6\u00f6 (talv 2020)<\/strong>\n                <div class=\"meta\">\n                                    <span class=\"year\">2019<\/span>                  <span class=\"badge\">Ajakiri<\/span>                <\/div>\n                <div class=\"actions\">\n                                    <a class=\"btn\" href=\"https:\/\/kogo.seto.ee?publication=361\">Vaata l\u00e4hemalt<\/a>\n                <\/div>\n              <\/div>\n            <\/li>\n                      <li class=\"rk-card\">\n                              <img decoding=\"async\" src=\"https:\/\/kogo.seto.ee\/wp-content\/uploads\/2020\/01\/IMG_0015-756x1024.jpg\" alt=\"K\u00e4sit\u00f6\u00f6 (s\u00fcgis 2018)\">\n              \n              <div class=\"rk-body\">\n                <strong class=\"title\">K\u00e4sit\u00f6\u00f6 (s\u00fcgis 2018)<\/strong>\n                <div class=\"meta\">\n                                    <span class=\"year\">2018<\/span>                  <span class=\"badge\">Ajakiri<\/span>                <\/div>\n                <div class=\"actions\">\n                                    <a class=\"btn\" href=\"https:\/\/kogo.seto.ee?publication=362\">Vaata l\u00e4hemalt<\/a>\n                <\/div>\n              <\/div>\n            <\/li>\n                      <li class=\"rk-card\">\n                              <img decoding=\"async\" src=\"https:\/\/kogo.seto.ee\/wp-content\/uploads\/2020\/01\/IMG_0041-774x1024.jpg\" alt=\"K\u00e4sit\u00f6\u00f6 (s\u00fcgis 2019)\">\n              \n              <div class=\"rk-body\">\n                <strong class=\"title\">K\u00e4sit\u00f6\u00f6 (s\u00fcgis 2019)<\/strong>\n                <div class=\"meta\">\n                                    <span class=\"year\">2019<\/span>                  <span class=\"badge\">Ajakiri<\/span>                <\/div>\n                <div class=\"actions\">\n                                    <a class=\"btn\" href=\"https:\/\/kogo.seto.ee?publication=363\">Vaata l\u00e4hemalt<\/a>\n                <\/div>\n              <\/div>\n            <\/li>\n                      <li class=\"rk-card\">\n                              <img decoding=\"async\" src=\"https:\/\/kogo.seto.ee\/wp-content\/uploads\/2020\/01\/IMG_0044-761x1024.jpg\" alt=\"K\u00e4sit\u00f6\u00f6 (talv-kevad 2019)\">\n              \n              <div class=\"rk-body\">\n                <strong class=\"title\">K\u00e4sit\u00f6\u00f6 (talv-kevad 2019)<\/strong>\n                <div class=\"meta\">\n                                    <span class=\"year\">2019<\/span>                  <span class=\"badge\">Ajakiri<\/span>                <\/div>\n                <div class=\"actions\">\n                                    <a class=\"btn\" href=\"https:\/\/kogo.seto.ee?publication=364\">Vaata l\u00e4hemalt<\/a>\n                <\/div>\n              <\/div>\n            <\/li>\n                      <li class=\"rk-card\">\n                              <img decoding=\"async\" src=\"https:\/\/kogo.seto.ee\/wp-content\/uploads\/2020\/01\/IMG_0046-738x1024.jpg\" alt=\"ERKL Teataja nr. 39 (s\u00fcgis 2018)\">\n              \n              <div class=\"rk-body\">\n                <strong class=\"title\">ERKL Teataja nr. 39 (s\u00fcgis 2018)<\/strong>\n                <div class=\"meta\">\n                                    <span class=\"year\">2018<\/span>                  <span class=\"badge\">Ajakiri<\/span>                <\/div>\n                <div class=\"actions\">\n                                    <a class=\"btn\" href=\"https:\/\/kogo.seto.ee?publication=365\">Vaata l\u00e4hemalt<\/a>\n                <\/div>\n              <\/div>\n            <\/li>\n                      <li class=\"rk-card\">\n                              <img decoding=\"async\" src=\"https:\/\/kogo.seto.ee\/wp-content\/uploads\/2020\/01\/IMG_0043-727x1024.jpg\" alt=\"Kostip\u00e4\u00e4v\u00e4 paremba&#039; pala&#039;\">\n              \n              <div class=\"rk-body\">\n                <strong class=\"title\">Kostip\u00e4\u00e4v\u00e4 paremba&#039; pala&#039;<\/strong>\n                <div class=\"meta\">\n                                    <span class=\"year\">2018<\/span>                  <span class=\"badge\">Raamat<\/span>                <\/div>\n                <div class=\"actions\">\n                                    <a class=\"btn\" href=\"https:\/\/kogo.seto.ee?publication=367\">Vaata l\u00e4hemalt<\/a>\n                <\/div>\n              <\/div>\n            <\/li>\n                      <li class=\"rk-card\">\n                              <img decoding=\"async\" src=\"https:\/\/kogo.seto.ee\/wp-content\/uploads\/2020\/01\/IMG_0042-744x1024.jpg\" alt=\"Eesti silmuskudumine 2. Sukad ja sokid\">\n              \n              <div class=\"rk-body\">\n                <strong class=\"title\">Eesti silmuskudumine 2. Sukad ja sokid<\/strong>\n                <div class=\"meta\">\n                                    <span class=\"year\">2018<\/span>                  <span class=\"badge\">Raamat<\/span>                <\/div>\n                <div class=\"actions\">\n                                    <a class=\"btn\" href=\"https:\/\/kogo.seto.ee?publication=368\">Vaata l\u00e4hemalt<\/a>\n                <\/div>\n              <\/div>\n            <\/li>\n                      <li class=\"rk-card\">\n                              <img decoding=\"async\" src=\"https:\/\/kogo.seto.ee\/wp-content\/uploads\/2020\/01\/IMG_0039-651x1024.jpg\" alt=\"Naiste \u00fclevisked rahvar\u00f5ivaste juurde\">\n              \n              <div class=\"rk-body\">\n                <strong class=\"title\">Naiste \u00fclevisked rahvar\u00f5ivaste juurde<\/strong>\n                <div class=\"meta\">\n                                    <span class=\"year\">2019<\/span>                  <span class=\"badge\">Raamat<\/span>                <\/div>\n                <div class=\"actions\">\n                                    <a class=\"btn\" href=\"https:\/\/kogo.seto.ee?publication=370\">Vaata l\u00e4hemalt<\/a>\n                <\/div>\n              <\/div>\n            <\/li>\n                      <li class=\"rk-card\">\n                              <img decoding=\"async\" src=\"https:\/\/kogo.seto.ee\/wp-content\/uploads\/2020\/01\/IMG_0038-882x1024.jpg\" alt=\"Rahvar\u00f5ivaste valmistamise juhend. Kaapotkleit ja -kost\u00fc\u00fcm\">\n              \n              <div class=\"rk-body\">\n                <strong class=\"title\">Rahvar\u00f5ivaste valmistamise juhend. Kaapotkleit ja -kost\u00fc\u00fcm<\/strong>\n                <div class=\"meta\">\n                                    <span class=\"year\">2019<\/span>                  <span class=\"badge\">Raamat<\/span>                <\/div>\n                <div class=\"actions\">\n                                    <a class=\"btn\" href=\"https:\/\/kogo.seto.ee?publication=371\">Vaata l\u00e4hemalt<\/a>\n                <\/div>\n              <\/div>\n            <\/li>\n                      <li class=\"rk-card\">\n                              <img decoding=\"async\" src=\"https:\/\/kogo.seto.ee\/wp-content\/uploads\/2020\/01\/IMG_0036-706x1024.jpg\" alt=\"Minu Setomaa\">\n              \n              <div class=\"rk-body\">\n                <strong class=\"title\">Minu Setomaa<\/strong>\n                <div class=\"meta\">\n                                    <span class=\"year\">2019<\/span>                  <span class=\"badge\">Raamat<\/span>                <\/div>\n                <div class=\"actions\">\n                                    <a class=\"btn\" href=\"https:\/\/kogo.seto.ee?publication=373\">Vaata l\u00e4hemalt<\/a>\n                <\/div>\n              <\/div>\n            <\/li>\n                      <li class=\"rk-card\">\n                              <img decoding=\"async\" src=\"https:\/\/kogo.seto.ee\/wp-content\/uploads\/2020\/01\/IMG_0033-744x1024.jpg\" alt=\"V\u00e4ikese linna suured mustrid\">\n              \n              <div class=\"rk-body\">\n                <strong class=\"title\">V\u00e4ikese linna suured mustrid<\/strong>\n                <div class=\"meta\">\n                                    <span class=\"year\">2019<\/span>                  <span class=\"badge\">Raamat<\/span>                <\/div>\n                <div class=\"actions\">\n                                    <a class=\"btn\" href=\"https:\/\/kogo.seto.ee?publication=375\">Vaata l\u00e4hemalt<\/a>\n                <\/div>\n              <\/div>\n            <\/li>\n                      <li class=\"rk-card\">\n                              <img decoding=\"async\" src=\"https:\/\/kogo.seto.ee\/wp-content\/uploads\/2020\/01\/IMG_0030-712x1024.jpg\" alt=\"Kuidas kasutada kohalikku kultuurip\u00e4randit turismiteenuseid osutades?\">\n              \n              <div class=\"rk-body\">\n                <strong class=\"title\">Kuidas kasutada kohalikku kultuurip\u00e4randit turismiteenuseid osutades?<\/strong>\n                <div class=\"meta\">\n                                    <span class=\"year\">2019<\/span>                  <span class=\"badge\">Raamat<\/span>                <\/div>\n                <div class=\"actions\">\n                                    <a class=\"btn\" href=\"https:\/\/kogo.seto.ee?publication=378\">Vaata l\u00e4hemalt<\/a>\n                <\/div>\n              <\/div>\n            <\/li>\n                      <li class=\"rk-card\">\n                              <img decoding=\"async\" src=\"https:\/\/kogo.seto.ee\/wp-content\/uploads\/2020\/01\/IMG_0028-673x1024.jpg\" alt=\"Esemete elulood\">\n              \n              <div class=\"rk-body\">\n                <strong class=\"title\">Esemete elulood<\/strong>\n                <div class=\"meta\">\n                                    <span class=\"year\">2018<\/span>                  <span class=\"badge\">Raamat<\/span>                <\/div>\n                <div class=\"actions\">\n                                    <a class=\"btn\" href=\"https:\/\/kogo.seto.ee?publication=380\">Vaata l\u00e4hemalt<\/a>\n                <\/div>\n              <\/div>\n            <\/li>\n                      <li class=\"rk-card\">\n                              <img decoding=\"async\" src=\"https:\/\/kogo.seto.ee\/wp-content\/uploads\/2020\/01\/IMG_0025-727x1024.jpg\" alt=\"Eesti pitsid. Mustrivihik\">\n              \n              <div class=\"rk-body\">\n                <strong class=\"title\">Eesti pitsid. Mustrivihik<\/strong>\n                <div class=\"meta\">\n                                    <span class=\"year\">2020<\/span>                  <span class=\"badge\">Vihik<\/span>                <\/div>\n                <div class=\"actions\">\n                                    <a class=\"btn\" href=\"https:\/\/kogo.seto.ee?publication=383\">Vaata l\u00e4hemalt<\/a>\n                <\/div>\n              <\/div>\n            <\/li>\n                      <li class=\"rk-card\">\n                              <img decoding=\"async\" src=\"https:\/\/kogo.seto.ee\/wp-content\/uploads\/2020\/01\/IMG_0024-721x1024.jpg\" alt=\"V\u00f5rok\u00f5isi k\u00f6\u00f6gi- ja s\u00f6\u00f6giraamat\">\n              \n              <div class=\"rk-body\">\n                <strong class=\"title\">V\u00f5rok\u00f5isi k\u00f6\u00f6gi- ja s\u00f6\u00f6giraamat<\/strong>\n                <div class=\"meta\">\n                                    <span class=\"year\">2019<\/span>                  <span class=\"badge\">Raamat<\/span>                <\/div>\n                <div class=\"actions\">\n                                    <a class=\"btn\" href=\"https:\/\/kogo.seto.ee?publication=384\">Vaata l\u00e4hemalt<\/a>\n                <\/div>\n              <\/div>\n            <\/li>\n                      <li class=\"rk-card\">\n                              <img decoding=\"async\" src=\"https:\/\/kogo.seto.ee\/wp-content\/uploads\/2020\/01\/IMG_0023-685x1024.jpg\" alt=\"Igal rahval oma r\u00f5ivas\">\n              \n              <div class=\"rk-body\">\n                <strong class=\"title\">Igal rahval oma r\u00f5ivas<\/strong>\n                <div class=\"meta\">\n                                    <span class=\"year\">2019<\/span>                  <span class=\"badge\">Raamat<\/span>                <\/div>\n                <div class=\"actions\">\n                                    <a class=\"btn\" href=\"https:\/\/kogo.seto.ee?publication=385\">Vaata l\u00e4hemalt<\/a>\n                <\/div>\n              <\/div>\n            <\/li>\n                      <li class=\"rk-card\">\n                              <img decoding=\"async\" src=\"https:\/\/kogo.seto.ee\/wp-content\/uploads\/2020\/01\/IMG_0013-744x1024.jpg\" alt=\"Ajatus\">\n              \n              <div class=\"rk-body\">\n                <strong class=\"title\">Ajatus<\/strong>\n                <div class=\"meta\">\n                                    <span class=\"year\">2019<\/span>                  <span class=\"badge\">Raamat<\/span>                <\/div>\n                <div class=\"actions\">\n                                    <a class=\"btn\" href=\"https:\/\/kogo.seto.ee?publication=392\">Vaata l\u00e4hemalt<\/a>\n                <\/div>\n              <\/div>\n            <\/li>\n                      <li class=\"rk-card\">\n                              <img decoding=\"async\" src=\"https:\/\/kogo.seto.ee\/wp-content\/uploads\/2020\/01\/IMG_0009-790x1024.jpg\" alt=\"Eesti rahva r\u00f5ivad\">\n              \n              <div class=\"rk-body\">\n                <strong class=\"title\">Eesti rahva r\u00f5ivad<\/strong>\n                <div class=\"meta\">\n                                    <span class=\"year\">2019<\/span>                  <span class=\"badge\">Raamat<\/span>                <\/div>\n                <div class=\"actions\">\n                                    <a class=\"btn\" href=\"https:\/\/kogo.seto.ee?publication=393\">Vaata l\u00e4hemalt<\/a>\n                <\/div>\n              <\/div>\n            <\/li>\n                      <li class=\"rk-card\">\n                              <img decoding=\"async\" src=\"https:\/\/kogo.seto.ee\/wp-content\/uploads\/2020\/01\/IMG_0008-803x1024.jpg\" alt=\"Kihnu m\u00f5\u00f5gav\u00f6\u00f6d\">\n              \n              <div class=\"rk-body\">\n                <strong class=\"title\">Kihnu m\u00f5\u00f5gav\u00f6\u00f6d<\/strong>\n                <div class=\"meta\">\n                                    <span class=\"year\">2019<\/span>                  <span class=\"badge\">Raamat<\/span>                <\/div>\n                <div class=\"actions\">\n                                    <a class=\"btn\" href=\"https:\/\/kogo.seto.ee?publication=394\">Vaata l\u00e4hemalt<\/a>\n                <\/div>\n              <\/div>\n            <\/li>\n                      <li class=\"rk-card\">\n                              <img decoding=\"async\" src=\"https:\/\/kogo.seto.ee\/wp-content\/uploads\/2020\/01\/IMG_0007-1024x739.jpg\" alt=\"Lapivaip 100. Minu Eesti t\u00e4na\">\n              \n              <div class=\"rk-body\">\n                <strong class=\"title\">Lapivaip 100. Minu Eesti t\u00e4na<\/strong>\n                <div class=\"meta\">\n                                    <span class=\"year\">2018<\/span>                  <span class=\"badge\">Raamat<\/span>                <\/div>\n                <div class=\"actions\">\n                                    <a class=\"btn\" href=\"https:\/\/kogo.seto.ee?publication=395\">Vaata l\u00e4hemalt<\/a>\n                <\/div>\n              <\/div>\n            <\/li>\n                      <li class=\"rk-card\">\n                              <img decoding=\"async\" src=\"https:\/\/kogo.seto.ee\/wp-content\/uploads\/2020\/01\/IMG_0012-718x1024.jpg\" alt=\"Bulletin OIDFA\">\n              \n              <div class=\"rk-body\">\n                <strong class=\"title\">Bulletin OIDFA<\/strong>\n                <div class=\"meta\">\n                                    <span class=\"year\">2018<\/span>                  <span class=\"badge\">Ajakiri<\/span>                <\/div>\n                <div class=\"actions\">\n                                    <a class=\"btn\" href=\"https:\/\/kogo.seto.ee?publication=399\">Vaata l\u00e4hemalt<\/a>\n                <\/div>\n              <\/div>\n            <\/li>\n                      <li class=\"rk-card\">\n                              <img decoding=\"async\" src=\"https:\/\/kogo.seto.ee\/wp-content\/uploads\/2020\/01\/IMG_0016-744x1024.jpg\" alt=\"Celaines. Celus jostu un apaudu au\u0161ana\">\n              \n              <div class=\"rk-body\">\n                <strong class=\"title\">Celaines. Celus jostu un apaudu au\u0161ana<\/strong>\n                <div class=\"meta\">\n                                    <span class=\"year\">2018<\/span>                  <span class=\"badge\">Raamat<\/span>                <\/div>\n                <div class=\"actions\">\n                                    <a class=\"btn\" href=\"https:\/\/kogo.seto.ee?publication=402\">Vaata l\u00e4hemalt<\/a>\n                <\/div>\n              <\/div>\n            <\/li>\n                  <\/ul>\n      \n              <nav class=\"rk-pager\">\n                      <a class=\"btn is-active\" href=\"\/index.php?rest_route=%2Fwp%2Fv2%2Fpages%2F261&#038;paged=1\">1<\/a>\n                      <a class=\"btn\" href=\"\/index.php?rest_route=%2Fwp%2Fv2%2Fpages%2F261&#038;paged=2\">2<\/a>\n                      <a class=\"btn\" href=\"\/index.php?rest_route=%2Fwp%2Fv2%2Fpages%2F261&#038;paged=3\">3<\/a>\n                      <a class=\"btn\" href=\"\/index.php?rest_route=%2Fwp%2Fv2%2Fpages%2F261&#038;paged=4\">4<\/a>\n                      <a class=\"btn\" href=\"\/index.php?rest_route=%2Fwp%2Fv2%2Fpages%2F261&#038;paged=5\">5<\/a>\n                      <a class=\"btn\" href=\"\/index.php?rest_route=%2Fwp%2Fv2%2Fpages%2F261&#038;paged=6\">6<\/a>\n                      <a class=\"btn\" href=\"\/index.php?rest_route=%2Fwp%2Fv2%2Fpages%2F261&#038;paged=7\">7<\/a>\n                      <a class=\"btn\" href=\"\/index.php?rest_route=%2Fwp%2Fv2%2Fpages%2F261&#038;paged=8\">8<\/a>\n                      <a class=\"btn\" href=\"\/index.php?rest_route=%2Fwp%2Fv2%2Fpages%2F261&#038;paged=9\">9<\/a>\n                      <a class=\"btn\" href=\"\/index.php?rest_route=%2Fwp%2Fv2%2Fpages%2F261&#038;paged=10\">10<\/a>\n                      <a class=\"btn\" href=\"\/index.php?rest_route=%2Fwp%2Fv2%2Fpages%2F261&#038;paged=11\">11<\/a>\n                      <a class=\"btn\" href=\"\/index.php?rest_route=%2Fwp%2Fv2%2Fpages%2F261&#038;paged=12\">12<\/a>\n                      <a class=\"btn\" href=\"\/index.php?rest_route=%2Fwp%2Fv2%2Fpages%2F261&#038;paged=13\">13<\/a>\n                      <a class=\"btn\" href=\"\/index.php?rest_route=%2Fwp%2Fv2%2Fpages%2F261&#038;paged=14\">14<\/a>\n                      <a class=\"btn\" href=\"\/index.php?rest_route=%2Fwp%2Fv2%2Fpages%2F261&#038;paged=15\">15<\/a>\n                      <a class=\"btn\" href=\"\/index.php?rest_route=%2Fwp%2Fv2%2Fpages%2F261&#038;paged=16\">16<\/a>\n                      <a class=\"btn\" href=\"\/index.php?rest_route=%2Fwp%2Fv2%2Fpages%2F261&#038;paged=17\">17<\/a>\n                  <\/nav>\n          <\/div>\n    \n","protected":false},"excerpt":{"rendered":"<p>Otsi raamatuid, autoreid meie raamatukogust:<\/p>\n","protected":false},"author":1,"featured_media":0,"parent":0,"menu_order":0,"comment_status":"closed","ping_status":"closed","template":"","meta":{"ngg_post_thumbnail":0,"_kad_post_transparent":"default","_kad_post_title":"default","_kad_post_layout":"default","_kad_post_sidebar_id":"","_kad_post_content_style":"default","_kad_post_vertical_padding":"default","_kad_post_feature":"","_kad_post_feature_position":"","_kad_post_header":false,"_kad_post_footer":false,"_kad_post_classname":"","footnotes":""},"class_list":["post-261","page","type-page","status-publish","hentry"],"_links":{"self":[{"href":"https:\/\/kogo.seto.ee\/index.php?rest_route=\/wp\/v2\/pages\/261","targetHints":{"allow":["GET"]}}],"collection":[{"href":"https:\/\/kogo.seto.ee\/index.php?rest_route=\/wp\/v2\/pages"}],"about":[{"href":"https:\/\/kogo.seto.ee\/index.php?rest_route=\/wp\/v2\/types\/page"}],"author":[{"embeddable":true,"href":"https:\/\/kogo.seto.ee\/index.php?rest_route=\/wp\/v2\/users\/1"}],"replies":[{"embeddable":true,"href":"https:\/\/kogo.seto.ee\/index.php?rest_route=%2Fwp%2Fv2%2Fcomments&post=261"}],"version-history":[{"count":43,"href":"https:\/\/kogo.seto.ee\/index.php?rest_route=\/wp\/v2\/pages\/261\/revisions"}],"predecessor-version":[{"id":3000,"href":"https:\/\/kogo.seto.ee\/index.php?rest_route=\/wp\/v2\/pages\/261\/revisions\/3000"}],"wp:attachment":[{"href":"https:\/\/kogo.seto.ee\/index.php?rest_route=%2Fwp%2Fv2%2Fmedia&parent=261"}],"curies":[{"name":"wp","href":"https:\/\/api.w.org\/{rel}","templated":true}]}}