{"id":3246,"date":"2025-12-30T16:35:14","date_gmt":"2025-12-30T14:35:14","guid":{"rendered":"https:\/\/kogo.seto.ee\/?page_id=3246"},"modified":"2025-12-30T17:09:51","modified_gmt":"2025-12-30T15:09:51","slug":"pildigaleriid","status":"publish","type":"page","link":"https:\/\/kogo.seto.ee\/?page_id=3246","title":{"rendered":"Pildigaleriid"},"content":{"rendered":"<h3>Seto pitsi p\u00e4evade avamine 5.mai 2016<\/h3>\n<h6>ngg_shortcode_0_placeholder<\/h6>\n<h3>Seto Pitsi Klubi 15.02.2016<\/h3>\n<h6>ngg_shortcode_1_placeholder<\/h6>\n<h3>Seto Pitsi Klubi 28.01.2016<\/h3>\n<h6>ngg_shortcode_2_placeholder<\/h6>\n<h3>Pakutr\u00fcki koolitus 15.02.2015<\/h3>\n<h6>ngg_shortcode_3_placeholder<\/h6>\n<h3>Niplispitsi raamatu esitlus 15.02.2015<\/h3>\n<h6>ngg_shortcode_4_placeholder<\/h6>\n<h3>Seto pits koolinoortele 06.03.2015<\/h3>\n<h6>ngg_shortcode_5_placeholder<\/h6>\n<h3>Seto \u00f5tak ERM-is 27.02.2015<\/h3>\n<h6>ngg_shortcode_6_placeholder<\/h6>\n<h3>Kostip\u00e4eva kohvikute koolitus 06.03.2015<\/h3>\n<h6>ngg_shortcode_7_placeholder<\/h6>\n<h3>Villas\u00e4rkide moedemonstratsioon 21.03.2015<\/h3>\n<h6>ngg_shortcode_8_placeholder<\/h6>\n<h3>Seto pitsi p\u00e4evade avamine 05.05.2015<\/h3>\n<h6>ngg_shortcode_9_placeholder<\/h6>\n<h3>Pitsiklubi 26.02.2015<\/h3>\n<h6>ngg_shortcode_10_placeholder<\/h6>\n<h3>Seto pitsi p\u00e4evade l\u00f5petamine 26.05.2015<\/h3>\n<h6>ngg_shortcode_11_placeholder<\/h6>\n<h3>K\u00e4sit\u00f6\u00f6liste talsip\u00fchi 03.01.2016<\/h3>\n<h6>ngg_shortcode_12_placeholder<\/h6>\n<h3>Villas\u00e4rgi \u00f5mblemise koolitus<\/h3>\n<h6>ngg_shortcode_13_placeholder<\/h6>\n<p>&nbsp;<\/p>\n","protected":false},"excerpt":{"rendered":"<p>Seto pitsi p\u00e4evade avamine 5.mai 2016 Seto Pitsi Klubi 15.02.2016 Seto Pitsi Klubi 28.01.2016 Pakutr\u00fcki koolitus 15.02.2015 Niplispitsi raamatu esitlus 15.02.2015 Seto pits koolinoortele 06.03.2015 Seto \u00f5tak ERM-is 27.02.2015 Kostip\u00e4eva kohvikute koolitus 06.03.2015 Villas\u00e4rkide moedemonstratsioon 21.03.2015 Seto pitsi p\u00e4evade avamine 05.05.2015 Pitsiklubi 26.02.2015 Seto pitsi p\u00e4evade l\u00f5petamine 26.05.2015 K\u00e4sit\u00f6\u00f6liste talsip\u00fchi 03.01.2016 Villas\u00e4rgi \u00f5mblemise koolitus &nbsp;<\/p>\n","protected":false},"author":1,"featured_media":0,"parent":59,"menu_order":0,"comment_status":"closed","ping_status":"closed","template":"","meta":{"ngg_post_thumbnail":0,"_kad_post_transparent":"default","_kad_post_title":"default","_kad_post_layout":"default","_kad_post_sidebar_id":"","_kad_post_content_style":"default","_kad_post_vertical_padding":"default","_kad_post_feature":"","_kad_post_feature_position":"","_kad_post_header":false,"_kad_post_footer":false,"_kad_post_classname":"","footnotes":""},"class_list":["post-3246","page","type-page","status-publish","hentry"],"_links":{"self":[{"href":"https:\/\/kogo.seto.ee\/index.php?rest_route=\/wp\/v2\/pages\/3246","targetHints":{"allow":["GET"]}}],"collection":[{"href":"https:\/\/kogo.seto.ee\/index.php?rest_route=\/wp\/v2\/pages"}],"about":[{"href":"https:\/\/kogo.seto.ee\/index.php?rest_route=\/wp\/v2\/types\/page"}],"author":[{"embeddable":true,"href":"https:\/\/kogo.seto.ee\/index.php?rest_route=\/wp\/v2\/users\/1"}],"replies":[{"embeddable":true,"href":"https:\/\/kogo.seto.ee\/index.php?rest_route=%2Fwp%2Fv2%2Fcomments&post=3246"}],"version-history":[{"count":8,"href":"https:\/\/kogo.seto.ee\/index.php?rest_route=\/wp\/v2\/pages\/3246\/revisions"}],"predecessor-version":[{"id":3255,"href":"https:\/\/kogo.seto.ee\/index.php?rest_route=\/wp\/v2\/pages\/3246\/revisions\/3255"}],"up":[{"embeddable":true,"href":"https:\/\/kogo.seto.ee\/index.php?rest_route=\/wp\/v2\/pages\/59"}],"wp:attachment":[{"href":"https:\/\/kogo.seto.ee\/index.php?rest_route=%2Fwp%2Fv2%2Fmedia&parent=3246"}],"curies":[{"name":"wp","href":"https:\/\/api.w.org\/{rel}","templated":true}]}}