{"id":3285,"date":"2026-03-11T09:53:50","date_gmt":"2026-03-11T07:53:50","guid":{"rendered":"https:\/\/kogo.seto.ee\/?page_id=3285"},"modified":"2026-03-11T12:02:38","modified_gmt":"2026-03-11T10:02:38","slug":"avaleht-uus","status":"publish","type":"page","link":"https:\/\/kogo.seto.ee\/","title":{"rendered":"Avaleht"},"content":{"rendered":"\r\n<h2 class=\"wp-block-heading\">Seto k\u00e4sit\u00f6\u00f6 suurs\u00fcndmused 2026<\/h2>\r\n\r\n\r\n\r\n<div class=\"wp-block-columns is-layout-flex wp-container-core-columns-is-layout-9d6595d7 wp-block-columns-is-layout-flex\">\r\n<div class=\"wp-block-column is-layout-flow wp-block-column-is-layout-flow\">\r\n<p>1.\u201329. mai 2026<\/p>\r\n\r\n\r\n\r\n<h3 class=\"wp-block-heading\">XXXII Seto pitsi p\u00e4evad<\/h3>\r\n\r\n\r\n\r\n<p>Pitsikonkursi teema:<br>Minu lemmik seto pits<\/p>\r\n\r\n\r\n\r\n<p>V\u00e4rska Kultuurimaja<\/p>\r\n\r\n\r\n<hr class=\"wp-block-separator has-alpha-channel-opacity\"><\/div>\r\n\r\n\r\n\r\n<div class=\"wp-block-column is-layout-flow wp-block-column-is-layout-flow\">\r\n<p>12.\u201314. juuni 2026<\/p>\r\n\r\n\r\n\r\n<h3 class=\"wp-block-heading\">VIII Seto k\u00e4sit\u00f6\u00f6laager<\/h3>\r\n\r\n\r\n\r\n<p>Registreerimine:<br><a href=\"https:\/\/forms.gle\/YY4Hpbq6NugHt48T9\">Meie registreerimisvormil<\/a><\/p>\r\n\r\n\r\n\r\n<p>Kriisa talu, Litvina k\u00fcla<\/p>\r\n\r\n\r\n<hr class=\"wp-block-separator has-alpha-channel-opacity\"><\/div>\r\n\r\n\r\n\r\n<div class=\"wp-block-column is-layout-flow wp-block-column-is-layout-flow\">\r\n<p>18. juuli 2026<\/p>\r\n\r\n\r\n\r\n<h3 class=\"wp-block-heading\">VI Avatud kultuuri- ja k\u00e4sit\u00f6\u00f6talude p\u00e4evad Setomaal<\/h3>\r\n\r\n\r\n\r\n<p>\u00dcle kogu Setomaa<\/p>\r\n\r\n\r\n<hr class=\"wp-block-separator has-alpha-channel-opacity\"><\/div>\r\n\r\n\r\n\r\n<div class=\"wp-block-column is-layout-flow wp-block-column-is-layout-flow\">\r\n<p>1. august 2026<\/p>\r\n\r\n\r\n\r\n<h3 class=\"wp-block-heading\">Seto Kuningriigip\u00e4ev<\/h3>\r\n\r\n\r\n\r\n<p>K\u00e4sit\u00f6\u00f6 m\u00fc\u00fck, n\u00e4put\u00f6\u00f6 konkurss \u2013<br>teema: pealinik<\/p>\r\n\r\n\r\n\r\n<p>Mikitam\u00e4e<\/p>\r\n\r\n\r\n<hr class=\"wp-block-separator has-alpha-channel-opacity\"><\/div>\r\n\r\n\r\n\r\n<div class=\"wp-block-column is-layout-flow wp-block-column-is-layout-flow\">\r\n<p>10. oktoober 2026<\/p>\r\n\r\n\r\n\r\n<h3 class=\"wp-block-heading\">Seto K\u00e4sit\u00fc\u00fc Kogo 20. aastap\u00e4eva konverents<\/h3>\r\n\r\n\r\n\r\n<p>Setomaal<\/p>\r\n\r\n\r\n<hr class=\"wp-block-separator has-alpha-channel-opacity\"><\/div>\r\n<\/div>\r\n\r\n\r\n\r\n<h2 class=\"wp-block-heading\">Seto K\u00e4sit\u00fc\u00fc Kogost<\/h2>\r\n\r\n\r\n\r\n<p>Meeste ja naiste k\u00e4sit\u00f6\u00f6 \u00fcmbritseb ja kaunistab setode igap\u00e4evast elu. Elus toimetulekuks hakati erinevaid t\u00f6\u00f6v\u00f5tteid ja n\u00e4puosavust omandama \u00fcsna varakult.<\/p>\r\n\r\n\r\n\r\n<p>T\u00e4nap\u00e4eval v\u00f5ib traditsiooniline k\u00e4sit\u00f6\u00f6oskus olla nii eluviis kui ka elatusallikaks.<\/p>\r\n\r\n\r\n\r\n<p>MT\u00dc Seto K\u00e4sit\u00fc\u00fc Kogo asutati 18. juulil 2006. a. Obinitsas. Meie hulgas on nii k\u00e4sit\u00f6\u00f6ga tegelevaid ettev\u00f5tjaid, mittetulundus\u00fchinguid kui ka k\u00e4sit\u00f6\u00f6meistreid.<\/p>\r\n\r\n\r\n\r\n<p>Seto K\u00e4sit\u00fc\u00fc Kogo eesm\u00e4rk on seto traditsioonilisel k\u00e4sit\u00f6\u00f6l p\u00f5hineva ettev\u00f5tluse arendamine seto k\u00e4sit\u00f6\u00f6traditsiooni j\u00e4rjepidevuse ja s\u00e4ilitamise kaudu. Meilt saab informatsiooni traditsioonilise k\u00e4sit\u00f6\u00f6 kohta tekstiilist palkmajadeni. Vastavalt soovile paneme kokku Teid huvitava seto k\u00e4sit\u00f6\u00f6 koolituse. Meie liikmetelt on v\u00f5imalik tellida erinevid k\u00e4sit\u00f6\u00f6tooteid ning teenuseid.<\/p>\r\n\r\n\r\n\r\n<h2 class=\"wp-block-heading\">Oleme Kirjutanud<\/h2>\r\n\r\n\r\n<ul class=\"wp-block-latest-posts__list is-grid columns-3 wp-block-latest-posts\"><li><div class=\"wp-block-latest-posts__featured-image\"><img loading=\"lazy\" decoding=\"async\" width=\"1024\" height=\"683\" src=\"https:\/\/kogo.seto.ee\/wp-content\/uploads\/2026\/01\/Kasitootalud-2025_Foto-Reigo-Teervalt-116-1024x683.jpg\" class=\"attachment-large size-large wp-post-image\" alt=\"\" style=\"\" srcset=\"https:\/\/kogo.seto.ee\/wp-content\/uploads\/2026\/01\/Kasitootalud-2025_Foto-Reigo-Teervalt-116-1024x683.jpg 1024w, https:\/\/kogo.seto.ee\/wp-content\/uploads\/2026\/01\/Kasitootalud-2025_Foto-Reigo-Teervalt-116-300x200.jpg 300w, https:\/\/kogo.seto.ee\/wp-content\/uploads\/2026\/01\/Kasitootalud-2025_Foto-Reigo-Teervalt-116-768x512.jpg 768w, https:\/\/kogo.seto.ee\/wp-content\/uploads\/2026\/01\/Kasitootalud-2025_Foto-Reigo-Teervalt-116-1536x1024.jpg 1536w, https:\/\/kogo.seto.ee\/wp-content\/uploads\/2026\/01\/Kasitootalud-2025_Foto-Reigo-Teervalt-116-2048x1365.jpg 2048w\" sizes=\"auto, (max-width: 1024px) 100vw, 1024px\" \/><\/div><a class=\"wp-block-latest-posts__post-title\" href=\"https:\/\/kogo.seto.ee\/?p=3265\">SETO K\u00c4SIT\u00d6\u00d6 SUURS\u00dcNDMUSED 2026<\/a><div class=\"wp-block-latest-posts__post-excerpt\">SETO K\u00c4SIT\u00d6\u00d6 AASTATEEMA &#8211; NAISE PEALINIK 1.-29. mai 2026 XXXII Seto pitsi p\u00e4evad Pitsikonkursi teema:&nbsp; Minu lemmik seto pits V\u00e4rska Kultuurimaja &nbsp; 12.-14. juuni 2026 VIII Seto k\u00e4sit\u00f6\u00f6laager Registreerimine: tuleb varsti Kriisa talu, Litvina k\u00fcla &nbsp; 18. juuli 2026 VI Avatud kultuuri- ja k\u00e4sit\u00f6\u00f6talude p\u00e4evad Setomaal \u00dcle kogu Setomaa &nbsp; 1. august 2025 Seto Kuningriigip\u00e4ev&#8230;<\/div><\/li>\n<li><div class=\"wp-block-latest-posts__featured-image\"><img loading=\"lazy\" decoding=\"async\" width=\"724\" height=\"1024\" src=\"https:\/\/kogo.seto.ee\/wp-content\/uploads\/2025\/09\/ajalehteavatud-talud_A3_25-724x1024.jpg\" class=\"attachment-large size-large wp-post-image\" alt=\"\" style=\"\" srcset=\"https:\/\/kogo.seto.ee\/wp-content\/uploads\/2025\/09\/ajalehteavatud-talud_A3_25-724x1024.jpg 724w, https:\/\/kogo.seto.ee\/wp-content\/uploads\/2025\/09\/ajalehteavatud-talud_A3_25-212x300.jpg 212w, https:\/\/kogo.seto.ee\/wp-content\/uploads\/2025\/09\/ajalehteavatud-talud_A3_25-768x1086.jpg 768w, https:\/\/kogo.seto.ee\/wp-content\/uploads\/2025\/09\/ajalehteavatud-talud_A3_25-1086x1536.jpg 1086w, https:\/\/kogo.seto.ee\/wp-content\/uploads\/2025\/09\/ajalehteavatud-talud_A3_25-1448x2048.jpg 1448w, https:\/\/kogo.seto.ee\/wp-content\/uploads\/2025\/09\/ajalehteavatud-talud_A3_25-980x1386.jpg 980w, https:\/\/kogo.seto.ee\/wp-content\/uploads\/2025\/09\/ajalehteavatud-talud_A3_25.jpg 1754w\" sizes=\"auto, (max-width: 724px) 100vw, 724px\" \/><\/div><a class=\"wp-block-latest-posts__post-title\" href=\"https:\/\/kogo.seto.ee\/?p=2971\">V Avatud kultuuri- ja k\u00e4sit\u00f6\u00f6talude p\u00e4evad Setomaal<\/a><div class=\"wp-block-latest-posts__post-excerpt\">&nbsp; &nbsp; Avatud kultuuri- ja k\u00e4sit\u00f6\u00f6talude p\u00e4ev Setomaal 18.oktoober 2025 Eesti Rahvakunsti ja K\u00e4sit\u00f6\u00f6 Liit on kuulutanud 18.oktoobri Avatud k\u00e4sit\u00f6\u00f6kodade p\u00e4evaks. Meil siin Setomaal avavad sel p\u00e4eval oma uksed ja v\u00e4ravad 8 eri- ilmelist&nbsp; talu, toidukohta, k\u00fclamaja, meistrikoda ja muuseumitare.&nbsp;Ootame sel p\u00e4eval \u00fcle Setomaa Avatud kultuuri- ja k\u00e4sit\u00f6\u00f6talude p\u00e4evale k\u00fclastajaid kell 11 \u2013 15. K\u00fclalisi&#8230;<\/div><\/li>\n<li><div class=\"wp-block-latest-posts__featured-image\"><img loading=\"lazy\" decoding=\"async\" width=\"1024\" height=\"671\" src=\"https:\/\/kogo.seto.ee\/wp-content\/uploads\/2025\/01\/IMG_9119-1024x671.jpg\" class=\"attachment-large size-large wp-post-image\" alt=\"\" style=\"\" srcset=\"https:\/\/kogo.seto.ee\/wp-content\/uploads\/2025\/01\/IMG_9119-1024x671.jpg 1024w, https:\/\/kogo.seto.ee\/wp-content\/uploads\/2025\/01\/IMG_9119-300x196.jpg 300w, https:\/\/kogo.seto.ee\/wp-content\/uploads\/2025\/01\/IMG_9119-768x503.jpg 768w, https:\/\/kogo.seto.ee\/wp-content\/uploads\/2025\/01\/IMG_9119-1536x1006.jpg 1536w, https:\/\/kogo.seto.ee\/wp-content\/uploads\/2025\/01\/IMG_9119-2048x1341.jpg 2048w, https:\/\/kogo.seto.ee\/wp-content\/uploads\/2025\/01\/IMG_9119-980x642.jpg 980w\" sizes=\"auto, (max-width: 1024px) 100vw, 1024px\" \/><\/div><a class=\"wp-block-latest-posts__post-title\" href=\"https:\/\/kogo.seto.ee\/?p=2940\">N\u00e4pot\u00fc\u00fc konkursi juhend 2025<\/a><div class=\"wp-block-latest-posts__post-excerpt\">N\u00e4pot\u00fc\u00fc konkursi juhend 2025 Teema: KINDAD \/ KINDA\u00b4 Innevanast\u00f5 oll Setomaal kindil \u00f5ks suur t\u00e4hend\u00fcs saaju ja matusit\u00f5 aigu. K\u00f5n\u00f5ldas, \u00f5t peigmiis ists\u00f5 pulmalavvahgi kinda\u2019 k\u00e4eh. Olliva\u2019 t\u00fc\u00fc tegemis\u00f5 nii- \u00fcld\u00e4 pid\u00e4mis\u00f5 kinda\u2019 ni ilosa\u2019 kerkoh k\u00e4\u00fcmis\u00f5 kinda\u2019. Setomaal on koetu ka s\u00f5rmkindit, a timahava oodami konkursil\u00f5 kirolisi labakindit (kulakkindit). Kuninga n\u00e4pot\u00fc\u00fc meistrist saa tuu,&#8230;<\/div><\/li>\n<\/ul>","protected":false},"excerpt":{"rendered":"<p>Seto k\u00e4sit\u00f6\u00f6 suurs\u00fcndmused 2026 1.\u201329. mai 2026 XXXII Seto pitsi p\u00e4evad Pitsikonkursi teema:Minu lemmik seto pits V\u00e4rska Kultuurimaja 12.\u201314. juuni 2026 VIII Seto k\u00e4sit\u00f6\u00f6laager Registreerimine:Meie registreerimisvormil Kriisa talu, Litvina k\u00fcla 18. juuli 2026 VI Avatud kultuuri- ja k\u00e4sit\u00f6\u00f6talude p\u00e4evad Setomaal \u00dcle kogu Setomaa 1. august 2026 Seto Kuningriigip\u00e4ev K\u00e4sit\u00f6\u00f6 m\u00fc\u00fck, n\u00e4put\u00f6\u00f6 konkurss \u2013teema: pealinik Mikitam\u00e4e&#8230;<\/p>\n","protected":false},"author":1,"featured_media":0,"parent":0,"menu_order":0,"comment_status":"closed","ping_status":"closed","template":"","meta":{"ngg_post_thumbnail":0,"_kad_post_transparent":"default","_kad_post_title":"default","_kad_post_layout":"default","_kad_post_sidebar_id":"","_kad_post_content_style":"default","_kad_post_vertical_padding":"default","_kad_post_feature":"","_kad_post_feature_position":"","_kad_post_header":false,"_kad_post_footer":false,"_kad_post_classname":"","footnotes":""},"class_list":["post-3285","page","type-page","status-publish","hentry"],"_links":{"self":[{"href":"https:\/\/kogo.seto.ee\/index.php?rest_route=\/wp\/v2\/pages\/3285","targetHints":{"allow":["GET"]}}],"collection":[{"href":"https:\/\/kogo.seto.ee\/index.php?rest_route=\/wp\/v2\/pages"}],"about":[{"href":"https:\/\/kogo.seto.ee\/index.php?rest_route=\/wp\/v2\/types\/page"}],"author":[{"embeddable":true,"href":"https:\/\/kogo.seto.ee\/index.php?rest_route=\/wp\/v2\/users\/1"}],"replies":[{"embeddable":true,"href":"https:\/\/kogo.seto.ee\/index.php?rest_route=%2Fwp%2Fv2%2Fcomments&post=3285"}],"version-history":[{"count":12,"href":"https:\/\/kogo.seto.ee\/index.php?rest_route=\/wp\/v2\/pages\/3285\/revisions"}],"predecessor-version":[{"id":3302,"href":"https:\/\/kogo.seto.ee\/index.php?rest_route=\/wp\/v2\/pages\/3285\/revisions\/3302"}],"wp:attachment":[{"href":"https:\/\/kogo.seto.ee\/index.php?rest_route=%2Fwp%2Fv2%2Fmedia&parent=3285"}],"curies":[{"name":"wp","href":"https:\/\/api.w.org\/{rel}","templated":true}]}}