{"id":366,"date":"2015-10-19T14:16:32","date_gmt":"2015-10-19T11:16:32","guid":{"rendered":"https:\/\/kogo.seto.ee\/?page_id=366"},"modified":"2025-11-02T21:20:53","modified_gmt":"2025-11-02T19:20:53","slug":"pood","status":"publish","type":"page","link":"https:\/\/kogo.seto.ee\/?page_id=366","title":{"rendered":"Pood"},"content":{"rendered":"<table style=\"height: 1147px;\" width=\"722\">\n<tbody>\n<tr style=\"height: 310px;\">\n<td style=\"height: 310px; width: 702.667px;\">\n<p><a href=\"https:\/\/kogo.seto.ee\/wp-content\/uploads\/2023\/02\/327001561_3208952062655356_4530959434153507349_n.png\"><img loading=\"lazy\" decoding=\"async\" class=\"wp-image-2584 alignleft\" src=\"https:\/\/kogo.seto.ee\/wp-content\/uploads\/2023\/02\/327001561_3208952062655356_4530959434153507349_n-212x300.png\" alt=\"\" width=\"282\" height=\"399\" data-id=\"2584\" srcset=\"https:\/\/kogo.seto.ee\/wp-content\/uploads\/2023\/02\/327001561_3208952062655356_4530959434153507349_n-212x300.png 212w, https:\/\/kogo.seto.ee\/wp-content\/uploads\/2023\/02\/327001561_3208952062655356_4530959434153507349_n-723x1024.png 723w, https:\/\/kogo.seto.ee\/wp-content\/uploads\/2023\/02\/327001561_3208952062655356_4530959434153507349_n-768x1087.png 768w, https:\/\/kogo.seto.ee\/wp-content\/uploads\/2023\/02\/327001561_3208952062655356_4530959434153507349_n-1085x1536.png 1085w, https:\/\/kogo.seto.ee\/wp-content\/uploads\/2023\/02\/327001561_3208952062655356_4530959434153507349_n-980x1387.png 980w, https:\/\/kogo.seto.ee\/wp-content\/uploads\/2023\/02\/327001561_3208952062655356_4530959434153507349_n.png 1222w\" sizes=\"auto, (max-width: 282px) 100vw, 282px\" \/><\/a>Ilmunud 2023<\/p>\n<p>Seto rahvar\u00f5ivad on 624-lehek\u00fcljeline setode r\u00f5ivaste ilu eksponeeriv koguteos. Raamatust leiab eraldi peat\u00fckid: naiste r\u00f5ivad, meeste r\u00f5ivad, kindad, sukad ja kasukad, laste r\u00f5ivad ning kuidas seto r\u00f5ivaid on kajastatud rahvalaulus. Lugeja saab \u00fclevaate seto ainesest t\u00e4nap\u00e4eva moes ja leiab esemete l\u00f5ikelised joonised. Kokkuv\u00f5tted inglise keeles.<\/p>\n<p>Seto Rahvar\u00f5ivad<span style=\"color: #ff0000;\"> 70,00 eurot<\/span><\/p>\n<p>&nbsp;<\/p>\n<p>&nbsp;<\/p>\n<p>&nbsp;<\/p>\n<p>&nbsp;<\/td>\n<\/tr>\n<tr style=\"height: 24px;\">\n<td style=\"height: 24px; width: 702.667px;\">&nbsp;<\/td>\n<\/tr>\n<tr style=\"height: 340px;\">\n<td style=\"height: 340px; width: 702.667px;\">\n<p><a href=\"https:\/\/kogo.seto.ee\/wp-content\/uploads\/2015\/10\/k\u00f5lav\u00f6\u00f6.jpg\"><img loading=\"lazy\" decoding=\"async\" class=\"alignleft wp-image-425\" src=\"https:\/\/kogo.seto.ee\/wp-content\/uploads\/2015\/10\/k\u00f5lav\u00f6\u00f6-285x300.jpg\" alt=\"\" width=\"271\" height=\"286\" data-id=\"425\" srcset=\"https:\/\/kogo.seto.ee\/wp-content\/uploads\/2015\/10\/k\u00f5lav\u00f6\u00f6-285x300.jpg 285w, https:\/\/kogo.seto.ee\/wp-content\/uploads\/2015\/10\/k\u00f5lav\u00f6\u00f6-973x1024.jpg 973w, https:\/\/kogo.seto.ee\/wp-content\/uploads\/2015\/10\/k\u00f5lav\u00f6\u00f6-980x1031.jpg 980w\" sizes=\"auto, (max-width: 271px) 100vw, 271px\" \/><\/a>Ilmunud 2011<\/p>\n<p>See raamat on p\u00fchendatud neile naistele ja neidudele, kel&nbsp;vanal ajal&nbsp;p\u00e4rast rasket f\u00fc\u00fcsilist talut\u00f6\u00f6d j\u00e4tkus kannatlikkust valmistada peenekoelisi esemeid. Raamatu autor \u00dclle Paltser on t\u00e4helepanu alla v\u00f5tnud seto k\u00f5lav\u00f6\u00f6de kudumise tehnikad, v\u00f6\u00f6 otste kinnitamis-ja kaunistusviisid ning t\u00f6\u00f6vahendid. Raamatust leiab 18 ERM-i kogudes oleva k\u00f5lav\u00f6\u00f6 &nbsp;valmistamise kirjeldused eesti ja seto keeles.<\/p>\n<p>Seto K\u00f5lav\u00f6\u00f6d&nbsp;<span style=\"color: #ff0000;\">12,00 eurot&nbsp;<\/span><\/td>\n<\/tr>\n<tr style=\"height: 24px;\">\n<td style=\"height: 24px; width: 702.667px;\">&nbsp;<\/td>\n<\/tr>\n<tr style=\"height: 340px;\">\n<td style=\"height: 10px; width: 702.667px;\">&nbsp;<\/td>\n<\/tr>\n<tr style=\"height: 10px;\">\n<td style=\"height: 33px; width: 702.667px;\">&nbsp;<\/td>\n<\/tr>\n<tr style=\"height: 10px;\">\n<td style=\"height: 10px; width: 702.667px;\">&nbsp;<\/td>\n<\/tr>\n<tr style=\"height: 24px;\">\n<td style=\"height: 24px; width: 702.667px;\">&nbsp;<\/td>\n<\/tr>\n<tr style=\"height: 24px;\">\n<td style=\"height: 24px; width: 702.667px;\">&nbsp;<\/td>\n<\/tr>\n<\/tbody>\n<\/table>\n<p>&nbsp;<\/p>\n<p>&nbsp;<\/p>\n<p>&nbsp;<\/p>\n<p>&nbsp;<\/p>\n<p>&nbsp;<\/p>\n<p>&nbsp;<\/p>\n<p>&nbsp;<\/p>\n<p>&nbsp;<\/p>\n<p>&nbsp;<\/p>\n<p>&nbsp;<\/p>\n<p>&nbsp;<\/p>\n","protected":false},"excerpt":{"rendered":"<p>Ilmunud 2023 Seto rahvar\u00f5ivad on 624-lehek\u00fcljeline setode r\u00f5ivaste ilu eksponeeriv koguteos. Raamatust leiab eraldi peat\u00fckid: naiste r\u00f5ivad, meeste r\u00f5ivad, kindad, sukad ja kasukad, laste r\u00f5ivad ning kuidas seto r\u00f5ivaid on kajastatud rahvalaulus. Lugeja saab \u00fclevaate seto ainesest t\u00e4nap\u00e4eva moes ja leiab esemete l\u00f5ikelised joonised. Kokkuv\u00f5tted inglise keeles. Seto Rahvar\u00f5ivad 70,00 eurot &nbsp; &nbsp; &nbsp; &nbsp;&#8230;<\/p>\n","protected":false},"author":1,"featured_media":0,"parent":0,"menu_order":0,"comment_status":"closed","ping_status":"closed","template":"","meta":{"ngg_post_thumbnail":0,"_kad_post_transparent":"default","_kad_post_title":"default","_kad_post_layout":"default","_kad_post_sidebar_id":"","_kad_post_content_style":"default","_kad_post_vertical_padding":"default","_kad_post_feature":"","_kad_post_feature_position":"","_kad_post_header":false,"_kad_post_footer":false,"_kad_post_classname":"","footnotes":""},"class_list":["post-366","page","type-page","status-publish","hentry"],"_links":{"self":[{"href":"https:\/\/kogo.seto.ee\/index.php?rest_route=\/wp\/v2\/pages\/366","targetHints":{"allow":["GET"]}}],"collection":[{"href":"https:\/\/kogo.seto.ee\/index.php?rest_route=\/wp\/v2\/pages"}],"about":[{"href":"https:\/\/kogo.seto.ee\/index.php?rest_route=\/wp\/v2\/types\/page"}],"author":[{"embeddable":true,"href":"https:\/\/kogo.seto.ee\/index.php?rest_route=\/wp\/v2\/users\/1"}],"replies":[{"embeddable":true,"href":"https:\/\/kogo.seto.ee\/index.php?rest_route=%2Fwp%2Fv2%2Fcomments&post=366"}],"version-history":[{"count":46,"href":"https:\/\/kogo.seto.ee\/index.php?rest_route=\/wp\/v2\/pages\/366\/revisions"}],"predecessor-version":[{"id":3046,"href":"https:\/\/kogo.seto.ee\/index.php?rest_route=\/wp\/v2\/pages\/366\/revisions\/3046"}],"wp:attachment":[{"href":"https:\/\/kogo.seto.ee\/index.php?rest_route=%2Fwp%2Fv2%2Fmedia&parent=366"}],"curies":[{"name":"wp","href":"https:\/\/api.w.org\/{rel}","templated":true}]}}