{"id":521,"date":"2015-10-27T23:14:38","date_gmt":"2015-10-27T21:14:38","guid":{"rendered":"https:\/\/kogo.seto.ee\/?page_id=521"},"modified":"2025-11-06T19:03:45","modified_gmt":"2025-11-06T17:03:45","slug":"liikmed-toit-2","status":"publish","type":"page","link":"https:\/\/kogo.seto.ee\/?page_id=521","title":{"rendered":"Toit"},"content":{"rendered":"        <ul class=\"entry-list\" style=\"display: grid; grid-template-columns: repeat(2, minmax(0, 1fr)); gap: var(--global-md-spacing, 1.5rem); list-style: none; margin: 0; padding: 0;\">\r\n                            <li class=\"entry-list-item\">\r\n                    <article class=\"entry content-bg loop-entry post-1394 team_manager type-team_manager status-publish has-post-thumbnail hentry team_groups-toit\">\r\n                                                    <a aria-hidden=\"true\" tabindex=\"-1\" role=\"presentation\" class=\"post-thumbnail kadence-thumbnail-ratio-2-3\" aria-label=\"Inara Vanavalg\u00f5 kohvitar\u00f5 \/ Inara Luigas\" href=\"https:\/\/kogo.seto.ee\/?team_manager=inara-luigas\">\r\n                                <div class=\"post-thumbnail-inner\">\r\n                                    <img loading=\"lazy\" decoding=\"async\" width=\"646\" height=\"363\" src=\"https:\/\/kogo.seto.ee\/wp-content\/uploads\/2017\/05\/Inara-Luigas.jpg\" class=\"attachment-medium_large size-medium_large wp-post-image\" alt=\"Inara Vanavalg\u00f5 kohvitar\u00f5 \/ Inara Luigas\" srcset=\"https:\/\/kogo.seto.ee\/wp-content\/uploads\/2017\/05\/Inara-Luigas.jpg 646w, https:\/\/kogo.seto.ee\/wp-content\/uploads\/2017\/05\/Inara-Luigas-300x169.jpg 300w\" sizes=\"auto, (max-width: 646px) 100vw, 646px\" \/>                                <\/div>\r\n                            <\/a>\r\n                        \r\n                        <div class=\"entry-content-wrap\">\r\n                            <header class=\"entry-header\">\r\n                                                                    <div class=\"entry-meta\">\r\n                                        <span class=\"entry-categories\">\r\n                                            Seto toit, toidu \u00f5pitoad                                        <\/span>\r\n                                    <\/div>\r\n                                \r\n                                <h2 class=\"entry-title\">\r\n                                    <a href=\"https:\/\/kogo.seto.ee\/?team_manager=inara-luigas\" rel=\"bookmark\">\r\n                                        Inara Vanavalg\u00f5 kohvitar\u00f5 \/ Inara Luigas                                    <\/a>\r\n                                <\/h2>\r\n                            <\/header>\r\n\r\n                            \r\n                                                            <div class=\"entry-website\">\r\n                                    <a href=\"https:\/\/www.inara.ee\" target=\"_blank\" rel=\"noopener noreferrer\">www.inara.ee<\/a>\r\n                                <\/div>\r\n                            \r\n                                                            <div class=\"liikmed-social-links liikmed-social-links-grid\"><div class=\"element-social-inner-wrap social-style-filled social-show-label-false\"><a class=\"social-button liikmed-social-item social-link-facebook\" href=\"https:\/\/www.facebook.com\/profile.php?id=100057435370496\" target=\"_blank\" rel=\"noopener noreferrer\" aria-label=\"Facebook\"><svg class=\"kadence-svg-icon kadence-facebook-svg\" fill=\"currentColor\" xmlns=\"http:\/\/www.w3.org\/2000\/svg\" width=\"32\" height=\"32\" viewBox=\"0 0 32 32\"><path d=\"M31.997 15.999c0-8.836-7.163-15.999-15.999-15.999s-15.999 7.163-15.999 15.999c0 7.985 5.851 14.604 13.499 15.804v-11.18h-4.062v-4.625h4.062v-3.525c0-4.010 2.389-6.225 6.043-6.225 1.75 0 3.581 0.313 3.581 0.313v3.937h-2.017c-1.987 0-2.607 1.233-2.607 2.498v3.001h4.437l-0.709 4.625h-3.728v11.18c7.649-1.2 13.499-7.819 13.499-15.804z\"><\/path><\/svg><\/a><\/div><\/div>                                                    <\/div>\r\n                    <\/article>\r\n                <\/li>\r\n                            <li class=\"entry-list-item\">\r\n                    <article class=\"entry content-bg loop-entry post-2832 team_manager type-team_manager status-publish has-post-thumbnail hentry team_groups-tekstiil team_groups-toit\">\r\n                                                    <a aria-hidden=\"true\" tabindex=\"-1\" role=\"presentation\" class=\"post-thumbnail kadence-thumbnail-ratio-2-3\" aria-label=\"Anzelika Mahetalu\" href=\"https:\/\/kogo.seto.ee\/?team_manager=anzelika-mahetalu\">\r\n                                <div class=\"post-thumbnail-inner\">\r\n                                    <img loading=\"lazy\" decoding=\"async\" width=\"512\" height=\"512\" src=\"https:\/\/kogo.seto.ee\/wp-content\/uploads\/2024\/03\/FB_IMG_1702985482360-Valentina-Gomozova.jpg\" class=\"attachment-medium_large size-medium_large wp-post-image\" alt=\"Anzelika Mahetalu\" srcset=\"https:\/\/kogo.seto.ee\/wp-content\/uploads\/2024\/03\/FB_IMG_1702985482360-Valentina-Gomozova.jpg 512w, https:\/\/kogo.seto.ee\/wp-content\/uploads\/2024\/03\/FB_IMG_1702985482360-Valentina-Gomozova-300x300.jpg 300w, https:\/\/kogo.seto.ee\/wp-content\/uploads\/2024\/03\/FB_IMG_1702985482360-Valentina-Gomozova-150x150.jpg 150w\" sizes=\"auto, (max-width: 512px) 100vw, 512px\" \/>                                <\/div>\r\n                            <\/a>\r\n                        \r\n                        <div class=\"entry-content-wrap\">\r\n                            <header class=\"entry-header\">\r\n                                                                    <div class=\"entry-meta\">\r\n                                        <span class=\"entry-categories\">\r\n                                            Kangakudumine, rahvar\u00f5ivaste valmistamine, sokkide-kinnaste kudumine, toidu t\u00f6\u00f6toad                                        <\/span>\r\n                                    <\/div>\r\n                                \r\n                                <h2 class=\"entry-title\">\r\n                                    <a href=\"https:\/\/kogo.seto.ee\/?team_manager=anzelika-mahetalu\" rel=\"bookmark\">\r\n                                        Anzelika Mahetalu                                    <\/a>\r\n                                <\/h2>\r\n                            <\/header>\r\n\r\n                            \r\n                                                            <div class=\"entry-website\">\r\n                                    <a href=\"https:\/\/anzelikamahetalu.voog.com\/et\" target=\"_blank\" rel=\"noopener noreferrer\">anzelikamahetalu.voog.com\/et<\/a>\r\n                                <\/div>\r\n                            \r\n                                                            <div class=\"liikmed-social-links liikmed-social-links-grid\"><div class=\"element-social-inner-wrap social-style-filled social-show-label-false\"><a class=\"social-button liikmed-social-item social-link-facebook\" href=\"https:\/\/www.facebook.com\/anzelikamahetalu\" target=\"_blank\" rel=\"noopener noreferrer\" aria-label=\"Facebook\"><svg class=\"kadence-svg-icon kadence-facebook-svg\" fill=\"currentColor\" xmlns=\"http:\/\/www.w3.org\/2000\/svg\" width=\"32\" height=\"32\" viewBox=\"0 0 32 32\"><path d=\"M31.997 15.999c0-8.836-7.163-15.999-15.999-15.999s-15.999 7.163-15.999 15.999c0 7.985 5.851 14.604 13.499 15.804v-11.18h-4.062v-4.625h4.062v-3.525c0-4.010 2.389-6.225 6.043-6.225 1.75 0 3.581 0.313 3.581 0.313v3.937h-2.017c-1.987 0-2.607 1.233-2.607 2.498v3.001h4.437l-0.709 4.625h-3.728v11.18c7.649-1.2 13.499-7.819 13.499-15.804z\"><\/path><\/svg><\/a><\/div><\/div>                                                    <\/div>\r\n                    <\/article>\r\n                <\/li>\r\n                            <li class=\"entry-list-item\">\r\n                    <article class=\"entry content-bg loop-entry post-2834 team_manager type-team_manager status-publish has-post-thumbnail hentry team_groups-toit\">\r\n                                                    <a aria-hidden=\"true\" tabindex=\"-1\" role=\"presentation\" class=\"post-thumbnail kadence-thumbnail-ratio-2-3\" aria-label=\"Jaaniraotu talu\" href=\"https:\/\/kogo.seto.ee\/?team_manager=jaaniraotu-talu\">\r\n                                <div class=\"post-thumbnail-inner\">\r\n                                    <img loading=\"lazy\" decoding=\"async\" width=\"768\" height=\"768\" src=\"https:\/\/kogo.seto.ee\/wp-content\/uploads\/2024\/02\/Jaaniraotu-talutooted-e1709203121712-768x768.jpg\" class=\"attachment-medium_large size-medium_large wp-post-image\" alt=\"Jaaniraotu talu\" srcset=\"https:\/\/kogo.seto.ee\/wp-content\/uploads\/2024\/02\/Jaaniraotu-talutooted-e1709203121712-768x768.jpg 768w, https:\/\/kogo.seto.ee\/wp-content\/uploads\/2024\/02\/Jaaniraotu-talutooted-e1709203121712-300x300.jpg 300w, https:\/\/kogo.seto.ee\/wp-content\/uploads\/2024\/02\/Jaaniraotu-talutooted-e1709203121712-150x150.jpg 150w, https:\/\/kogo.seto.ee\/wp-content\/uploads\/2024\/02\/Jaaniraotu-talutooted-e1709203121712-60x60.jpg 60w, https:\/\/kogo.seto.ee\/wp-content\/uploads\/2024\/02\/Jaaniraotu-talutooted-e1709203121712.jpg 908w\" sizes=\"auto, (max-width: 768px) 100vw, 768px\" \/>                                <\/div>\r\n                            <\/a>\r\n                        \r\n                        <div class=\"entry-content-wrap\">\r\n                            <header class=\"entry-header\">\r\n                                                                    <div class=\"entry-meta\">\r\n                                        <span class=\"entry-categories\">\r\n                                            Hoidiste ja toidusuveniiride valmistaja                                        <\/span>\r\n                                    <\/div>\r\n                                \r\n                                <h2 class=\"entry-title\">\r\n                                    <a href=\"https:\/\/kogo.seto.ee\/?team_manager=jaaniraotu-talu\" rel=\"bookmark\">\r\n                                        Jaaniraotu talu                                    <\/a>\r\n                                <\/h2>\r\n                            <\/header>\r\n\r\n                            \r\n                                                            <div class=\"entry-website\">\r\n                                    <a href=\"http:\/\/www.jaaniraotu.ee\/\" target=\"_blank\" rel=\"noopener noreferrer\">www.jaaniraotu.ee\/<\/a>\r\n                                <\/div>\r\n                            \r\n                                                            <div class=\"liikmed-social-links liikmed-social-links-grid\"><div class=\"element-social-inner-wrap social-style-filled social-show-label-false\"><a class=\"social-button liikmed-social-item social-link-facebook\" href=\"https:\/\/www.facebook.com\/JaaniraotuTalu\" target=\"_blank\" rel=\"noopener noreferrer\" aria-label=\"Facebook\"><svg class=\"kadence-svg-icon kadence-facebook-svg\" fill=\"currentColor\" xmlns=\"http:\/\/www.w3.org\/2000\/svg\" width=\"32\" height=\"32\" viewBox=\"0 0 32 32\"><path d=\"M31.997 15.999c0-8.836-7.163-15.999-15.999-15.999s-15.999 7.163-15.999 15.999c0 7.985 5.851 14.604 13.499 15.804v-11.18h-4.062v-4.625h4.062v-3.525c0-4.010 2.389-6.225 6.043-6.225 1.75 0 3.581 0.313 3.581 0.313v3.937h-2.017c-1.987 0-2.607 1.233-2.607 2.498v3.001h4.437l-0.709 4.625h-3.728v11.18c7.649-1.2 13.499-7.819 13.499-15.804z\"><\/path><\/svg><\/a><\/div><\/div>                                                    <\/div>\r\n                    <\/article>\r\n                <\/li>\r\n                            <li class=\"entry-list-item\">\r\n                    <article class=\"entry content-bg loop-entry post-2835 team_manager type-team_manager status-publish has-post-thumbnail hentry team_groups-tekstiil team_groups-toit\">\r\n                                                    <a aria-hidden=\"true\" tabindex=\"-1\" role=\"presentation\" class=\"post-thumbnail kadence-thumbnail-ratio-2-3\" aria-label=\"Rieka H\u00f5rn\" href=\"https:\/\/kogo.seto.ee\/?team_manager=rieka-horn\">\r\n                                <div class=\"post-thumbnail-inner\">\r\n                                    <img loading=\"lazy\" decoding=\"async\" width=\"768\" height=\"1140\" src=\"https:\/\/kogo.seto.ee\/wp-content\/uploads\/2024\/02\/pliinega-Rieka-Horn-768x1140.jpg\" class=\"attachment-medium_large size-medium_large wp-post-image\" alt=\"Rieka H\u00f5rn\" srcset=\"https:\/\/kogo.seto.ee\/wp-content\/uploads\/2024\/02\/pliinega-Rieka-Horn-768x1140.jpg 768w, https:\/\/kogo.seto.ee\/wp-content\/uploads\/2024\/02\/pliinega-Rieka-Horn-690x1024.jpg 690w, https:\/\/kogo.seto.ee\/wp-content\/uploads\/2024\/02\/pliinega-Rieka-Horn-1035x1536.jpg 1035w, https:\/\/kogo.seto.ee\/wp-content\/uploads\/2024\/02\/pliinega-Rieka-Horn-980x1454.jpg 980w\" sizes=\"auto, (max-width: 768px) 100vw, 768px\" \/>                                <\/div>\r\n                            <\/a>\r\n                        \r\n                        <div class=\"entry-content-wrap\">\r\n                            <header class=\"entry-header\">\r\n                                                                    <div class=\"entry-meta\">\r\n                                        <span class=\"entry-categories\">\r\n                                            Seto s\u00fc\u00fck, sokid, heegeldatud vaibad                                        <\/span>\r\n                                    <\/div>\r\n                                \r\n                                <h2 class=\"entry-title\">\r\n                                    <a href=\"https:\/\/kogo.seto.ee\/?team_manager=rieka-horn\" rel=\"bookmark\">\r\n                                        Rieka H\u00f5rn                                    <\/a>\r\n                                <\/h2>\r\n                            <\/header>\r\n\r\n                            \r\n                            \r\n                                                            <div class=\"liikmed-social-links liikmed-social-links-grid\"><div class=\"element-social-inner-wrap social-style-filled social-show-label-false\"><a class=\"social-button liikmed-social-item social-link-facebook\" href=\"https:\/\/www.facebook.com\/TaarkaTaroOu\" target=\"_blank\" rel=\"noopener noreferrer\" aria-label=\"Facebook\"><svg class=\"kadence-svg-icon kadence-facebook-svg\" fill=\"currentColor\" xmlns=\"http:\/\/www.w3.org\/2000\/svg\" width=\"32\" height=\"32\" viewBox=\"0 0 32 32\"><path d=\"M31.997 15.999c0-8.836-7.163-15.999-15.999-15.999s-15.999 7.163-15.999 15.999c0 7.985 5.851 14.604 13.499 15.804v-11.18h-4.062v-4.625h4.062v-3.525c0-4.010 2.389-6.225 6.043-6.225 1.75 0 3.581 0.313 3.581 0.313v3.937h-2.017c-1.987 0-2.607 1.233-2.607 2.498v3.001h4.437l-0.709 4.625h-3.728v11.18c7.649-1.2 13.499-7.819 13.499-15.804z\"><\/path><\/svg><\/a><\/div><\/div>                                                    <\/div>\r\n                    <\/article>\r\n                <\/li>\r\n                    <\/ul>\r\n        \n","protected":false},"excerpt":{"rendered":"","protected":false},"author":4,"featured_media":0,"parent":0,"menu_order":0,"comment_status":"closed","ping_status":"closed","template":"","meta":{"ngg_post_thumbnail":0,"_kad_post_transparent":"default","_kad_post_title":"default","_kad_post_layout":"default","_kad_post_sidebar_id":"","_kad_post_content_style":"default","_kad_post_vertical_padding":"default","_kad_post_feature":"","_kad_post_feature_position":"","_kad_post_header":false,"_kad_post_footer":false,"_kad_post_classname":"","footnotes":""},"class_list":["post-521","page","type-page","status-publish","hentry"],"_links":{"self":[{"href":"https:\/\/kogo.seto.ee\/index.php?rest_route=\/wp\/v2\/pages\/521","targetHints":{"allow":["GET"]}}],"collection":[{"href":"https:\/\/kogo.seto.ee\/index.php?rest_route=\/wp\/v2\/pages"}],"about":[{"href":"https:\/\/kogo.seto.ee\/index.php?rest_route=\/wp\/v2\/types\/page"}],"author":[{"embeddable":true,"href":"https:\/\/kogo.seto.ee\/index.php?rest_route=\/wp\/v2\/users\/4"}],"replies":[{"embeddable":true,"href":"https:\/\/kogo.seto.ee\/index.php?rest_route=%2Fwp%2Fv2%2Fcomments&post=521"}],"version-history":[{"count":13,"href":"https:\/\/kogo.seto.ee\/index.php?rest_route=\/wp\/v2\/pages\/521\/revisions"}],"predecessor-version":[{"id":3063,"href":"https:\/\/kogo.seto.ee\/index.php?rest_route=\/wp\/v2\/pages\/521\/revisions\/3063"}],"wp:attachment":[{"href":"https:\/\/kogo.seto.ee\/index.php?rest_route=%2Fwp%2Fv2%2Fmedia&parent=521"}],"curies":[{"name":"wp","href":"https:\/\/api.w.org\/{rel}","templated":true}]}}