{"id":53,"date":"2015-08-12T09:27:01","date_gmt":"2015-08-12T06:27:01","guid":{"rendered":"https:\/\/kogo.seto.ee\/?page_id=53"},"modified":"2025-11-17T18:34:57","modified_gmt":"2025-11-17T16:34:57","slug":"kontakt","status":"publish","type":"page","link":"https:\/\/kogo.seto.ee\/?page_id=53","title":{"rendered":"Kontakt"},"content":{"rendered":"<p>MT\u00dc Seto K\u00e4sit\u00fc\u00fc Kogo<br \/>\nAadress: Pikk 12, V\u00e4rska, Setomaa vald, V\u00f5ru maakond<br \/>\nTel + 372 5620 0057<br \/>\nE-post: <a href=\"mailto:kogo@setomaa.ee\">kogo@setomaa.ee<\/a><\/p>\n<p>MT\u00dc Seto K\u00e4sit\u00fc\u00fc Kogo kontor asub V\u00e4rskas kultuurimaja 3. korrusel.<br \/>\n<strong><br \/>\n<\/strong><strong>Tegevjuht<\/strong><\/p>\n<p><a href=\"https:\/\/kogo.seto.ee\/wp-content\/uploads\/2015\/08\/1b.jpg\" rel=\"attachment wp-att-1251\"><img loading=\"lazy\" decoding=\"async\" class=\"alignleft wp-image-1286 size-thumbnail\" src=\"https:\/\/kogo.seto.ee\/wp-content\/uploads\/2015\/08\/1b-150x150.jpg\" alt=\"\" width=\"150\" height=\"150\" data-id=\"1251\" srcset=\"https:\/\/kogo.seto.ee\/wp-content\/uploads\/2015\/08\/1b-150x150.jpg 150w, https:\/\/kogo.seto.ee\/wp-content\/uploads\/2015\/08\/1b-60x60.jpg 60w\" sizes=\"auto, (max-width: 150px) 100vw, 150px\" \/><\/a>Ingrit Kala<br \/>\nTel + 372 5620 0057<br \/>\nE-post: <a href=\"mailto:ingrit@setomaa.ee\">ingrit@setomaa.ee<\/a><br \/>\n<strong><br \/>\n<\/strong><\/p>\n<p>&nbsp;<\/p>\n<p>&nbsp;<\/p>\n<p><strong>Juhatus<\/strong> <strong>(3-liikmeline)<\/strong><strong><br \/>\n<\/strong><br \/>\n<a href=\"https:\/\/kogo.seto.ee\/wp-content\/uploads\/2015\/08\/sigre.jpg\" rel=\"attachment wp-att-1288\"><img loading=\"lazy\" decoding=\"async\" class=\"alignleft wp-image-1288 size-thumbnail\" src=\"https:\/\/kogo.seto.ee\/wp-content\/uploads\/2015\/08\/sigre-150x150.jpg\" alt=\"sigre\" width=\"150\" height=\"150\" data-id=\"1288\" srcset=\"https:\/\/kogo.seto.ee\/wp-content\/uploads\/2015\/08\/sigre-150x150.jpg 150w, https:\/\/kogo.seto.ee\/wp-content\/uploads\/2015\/08\/sigre-60x60.jpg 60w\" sizes=\"auto, (max-width: 150px) 100vw, 150px\" \/><\/a><\/p>\n<p>Sigre Andreson<br \/>\nTel + 372 5628 0676<br \/>\nE-post: <a href=\"mailto:sigre@setomaa.ee\">sigre@setomaa.ee<\/a><\/p>\n<p>&nbsp;<\/p>\n<p>&nbsp;<\/p>\n<p><a href=\"https:\/\/kogo.seto.ee\/wp-content\/uploads\/2015\/08\/1b.jpg\" rel=\"attachment wp-att-1251\"><img loading=\"lazy\" decoding=\"async\" class=\"alignleft wp-image-1286 \" src=\"https:\/\/kogo.seto.ee\/wp-content\/uploads\/2015\/08\/1b-150x150.jpg\" alt=\"\" width=\"151\" height=\"151\" data-id=\"1251\" srcset=\"https:\/\/kogo.seto.ee\/wp-content\/uploads\/2015\/08\/1b-150x150.jpg 150w, https:\/\/kogo.seto.ee\/wp-content\/uploads\/2015\/08\/1b-60x60.jpg 60w\" sizes=\"auto, (max-width: 151px) 100vw, 151px\" \/><\/a><\/p>\n<p>&nbsp;<\/p>\n<p>Ingrit Kala<br \/>\nTel + 372 512 0659<br \/>\nE-post:&nbsp; <a href=\"mailto:ingrit@setomaa.ee\">ingrit@setomaa.ee<\/a><\/p>\n<p>&nbsp;<\/p>\n<p>&nbsp;<\/p>\n<p><img loading=\"lazy\" decoding=\"async\" class=\"wp-image-2987 alignleft\" src=\"https:\/\/kogo.seto.ee\/wp-content\/uploads\/2025\/10\/Kylli-kinnastega-1v-e1760545448760.jpg\" alt=\"\" width=\"151\" height=\"151\" data-id=\"1290\" srcset=\"https:\/\/kogo.seto.ee\/wp-content\/uploads\/2025\/10\/Kylli-kinnastega-1v-e1760545448760.jpg 224w, https:\/\/kogo.seto.ee\/wp-content\/uploads\/2025\/10\/Kylli-kinnastega-1v-e1760545448760-150x150.jpg 150w, https:\/\/kogo.seto.ee\/wp-content\/uploads\/2025\/10\/Kylli-kinnastega-1v-e1760545448760-60x60.jpg 60w\" sizes=\"auto, (max-width: 151px) 100vw, 151px\" \/><\/p>\n<p>&nbsp;<\/p>\n<p>K\u00fclli K\u00f5ppo-Jacobson<br \/>\nTel + 372 50 34 386<br \/>\nE-post: <a href=\"mailto:kyllikoppo@protonmail.com\">kyllikoppo@protonmail.com<\/a><\/p>\n<p style=\"padding-left: 60px;\">&nbsp;<\/p>\n<p>&nbsp;<\/p>\n<p>&nbsp;<\/p>\n","protected":false},"excerpt":{"rendered":"<p>MT\u00dc Seto K\u00e4sit\u00fc\u00fc Kogo Aadress: Pikk 12, V\u00e4rska, Setomaa vald, V\u00f5ru maakond Tel + 372 5620 0057 E-post: kogo@setomaa.ee MT\u00dc Seto K\u00e4sit\u00fc\u00fc Kogo kontor asub V\u00e4rskas kultuurimaja 3. korrusel. Tegevjuht Ingrit Kala Tel + 372 5620 0057 E-post: ingrit@setomaa.ee &nbsp; &nbsp; Juhatus (3-liikmeline) Sigre Andreson Tel + 372 5628 0676 E-post: sigre@setomaa.ee &nbsp; &nbsp; &nbsp;&#8230;<\/p>\n","protected":false},"author":1,"featured_media":0,"parent":0,"menu_order":0,"comment_status":"closed","ping_status":"closed","template":"","meta":{"ngg_post_thumbnail":0,"_kad_post_transparent":"default","_kad_post_title":"default","_kad_post_layout":"default","_kad_post_sidebar_id":"","_kad_post_content_style":"default","_kad_post_vertical_padding":"default","_kad_post_feature":"","_kad_post_feature_position":"","_kad_post_header":false,"_kad_post_footer":false,"_kad_post_classname":"","footnotes":""},"class_list":["post-53","page","type-page","status-publish","hentry"],"_links":{"self":[{"href":"https:\/\/kogo.seto.ee\/index.php?rest_route=\/wp\/v2\/pages\/53","targetHints":{"allow":["GET"]}}],"collection":[{"href":"https:\/\/kogo.seto.ee\/index.php?rest_route=\/wp\/v2\/pages"}],"about":[{"href":"https:\/\/kogo.seto.ee\/index.php?rest_route=\/wp\/v2\/types\/page"}],"author":[{"embeddable":true,"href":"https:\/\/kogo.seto.ee\/index.php?rest_route=\/wp\/v2\/users\/1"}],"replies":[{"embeddable":true,"href":"https:\/\/kogo.seto.ee\/index.php?rest_route=%2Fwp%2Fv2%2Fcomments&post=53"}],"version-history":[{"count":18,"href":"https:\/\/kogo.seto.ee\/index.php?rest_route=\/wp\/v2\/pages\/53\/revisions"}],"predecessor-version":[{"id":3201,"href":"https:\/\/kogo.seto.ee\/index.php?rest_route=\/wp\/v2\/pages\/53\/revisions\/3201"}],"wp:attachment":[{"href":"https:\/\/kogo.seto.ee\/index.php?rest_route=%2Fwp%2Fv2%2Fmedia&parent=53"}],"curies":[{"name":"wp","href":"https:\/\/api.w.org\/{rel}","templated":true}]}}