{"id":59,"date":"2015-08-12T09:39:01","date_gmt":"2015-08-12T06:39:01","guid":{"rendered":"https:\/\/kogo.seto.ee\/?page_id=59"},"modified":"2015-10-28T00:16:38","modified_gmt":"2015-10-27T22:16:38","slug":"kogo","status":"publish","type":"page","link":"https:\/\/kogo.seto.ee\/?page_id=59","title":{"rendered":"Kogo"},"content":{"rendered":"<p>Meeste ja naiste k\u00e4sit\u00f6\u00f6 \u00fcmbritseb ja kaunistab setode igap\u00e4evast elu. Elus toimetulekuks hakati erinevaid t\u00f6\u00f6v\u00f5tteid ja n\u00e4puosavust omandama \u00fcsna varakult.\u00a0T\u00e4nap\u00e4eval v\u00f5ib traditsiooniline k\u00e4sit\u00f6\u00f6oskus olla nii eluviis kui ka elatusallikaks.<\/p>\n<p>MT\u00dc Seto K\u00e4sit\u00fc\u00fc Kogo asutati 18. juulil 2006. a. Obinitsas. Meie hulgas on nii k\u00e4sit\u00f6\u00f6ga tegelevaid ettev\u00f5tjaid, mittetulundus\u00fchinguid kui ka k\u00e4sit\u00f6\u00f6meistreid.<\/p>\n<p>Seto K\u00e4sit\u00fc\u00fc Kogo eesm\u00e4rk on seto traditsioonilisel k\u00e4sit\u00f6\u00f6l p\u00f5hineva ettev\u00f5tluse arendamine seto k\u00e4sit\u00f6\u00f6traditsiooni j\u00e4rjepidevuse ja s\u00e4ilitamise kaudu. Meilt saab informatsiooni traditsioonilise k\u00e4sit\u00f6\u00f6 kohta tekstiilist palkmajadeni. Vastavalt soovile paneme kokku Teid huvitava seto k\u00e4sit\u00f6\u00f6 koolituse. Meie liikmetelt on v\u00f5imalik tellida erinevaid k\u00e4sit\u00f6\u00f6tooteid ning teenuseid.<\/p>\n<p>&nbsp;<\/p>\n","protected":false},"excerpt":{"rendered":"<p>Meeste ja naiste k\u00e4sit\u00f6\u00f6 \u00fcmbritseb ja kaunistab setode igap\u00e4evast elu. Elus toimetulekuks hakati erinevaid t\u00f6\u00f6v\u00f5tteid ja n\u00e4puosavust omandama \u00fcsna varakult.\u00a0T\u00e4nap\u00e4eval v\u00f5ib traditsiooniline k\u00e4sit\u00f6\u00f6oskus olla nii eluviis kui ka elatusallikaks. MT\u00dc Seto K\u00e4sit\u00fc\u00fc Kogo asutati 18. juulil 2006. a. Obinitsas. Meie hulgas on nii k\u00e4sit\u00f6\u00f6ga tegelevaid ettev\u00f5tjaid, mittetulundus\u00fchinguid kui ka k\u00e4sit\u00f6\u00f6meistreid. Seto K\u00e4sit\u00fc\u00fc Kogo eesm\u00e4rk on&#8230;<\/p>\n","protected":false},"author":1,"featured_media":0,"parent":0,"menu_order":0,"comment_status":"closed","ping_status":"closed","template":"","meta":{"ngg_post_thumbnail":0,"_kad_post_transparent":"","_kad_post_title":"","_kad_post_layout":"","_kad_post_sidebar_id":"","_kad_post_content_style":"","_kad_post_vertical_padding":"","_kad_post_feature":"","_kad_post_feature_position":"","_kad_post_header":false,"_kad_post_footer":false,"_kad_post_classname":"","footnotes":""},"class_list":["post-59","page","type-page","status-publish","hentry"],"_links":{"self":[{"href":"https:\/\/kogo.seto.ee\/index.php?rest_route=\/wp\/v2\/pages\/59","targetHints":{"allow":["GET"]}}],"collection":[{"href":"https:\/\/kogo.seto.ee\/index.php?rest_route=\/wp\/v2\/pages"}],"about":[{"href":"https:\/\/kogo.seto.ee\/index.php?rest_route=\/wp\/v2\/types\/page"}],"author":[{"embeddable":true,"href":"https:\/\/kogo.seto.ee\/index.php?rest_route=\/wp\/v2\/users\/1"}],"replies":[{"embeddable":true,"href":"https:\/\/kogo.seto.ee\/index.php?rest_route=%2Fwp%2Fv2%2Fcomments&post=59"}],"version-history":[{"count":4,"href":"https:\/\/kogo.seto.ee\/index.php?rest_route=\/wp\/v2\/pages\/59\/revisions"}],"predecessor-version":[{"id":538,"href":"https:\/\/kogo.seto.ee\/index.php?rest_route=\/wp\/v2\/pages\/59\/revisions\/538"}],"wp:attachment":[{"href":"https:\/\/kogo.seto.ee\/index.php?rest_route=%2Fwp%2Fv2%2Fmedia&parent=59"}],"curies":[{"name":"wp","href":"https:\/\/api.w.org\/{rel}","templated":true}]}}